{"id":1490,"date":"2025-09-10T11:32:05","date_gmt":"2025-09-10T11:32:05","guid":{"rendered":"https:\/\/temp.demetradesign.it\/cav\/?post_type=product&#038;p=1490"},"modified":"2026-04-09T14:05:10","modified_gmt":"2026-04-09T14:05:10","slug":"amaretti-morbidi-di-mombaruzzo-al-moscato-dasti-docg","status":"publish","type":"product","link":"https:\/\/cavaliervicenzi.com\/de\/produkt\/amaretti-morbidi-di-mombaruzzo-al-moscato-dasti-docg\/","title":{"rendered":"Amaretti Morbidi di Mombaruzzo Al Moscato D&#8217;Asti DOCG"},"content":{"rendered":"<p>Zwei Exzellenzen des Monferrato astigiano, der klassische weiche Amaretto von Mombaruzzo und der <strong>Moscato d\u2019Asti<\/strong>, verbinden sich zu einer au\u00dfergew\u00f6hnlichen Makrone, die alle Aromen dieses wunderbaren Landes repr\u00e4sentiert.<\/p>\n<p>Gebackenes S\u00fc\u00dfwarenerzeugnis.<\/p>\n<p><strong>Zutaten:<\/strong> zucchero, mandorle di albicocca 32%, albume d\u2019uovo, Moscato d\u2019Asti 10%, mandorle 4%, sciroppo di glucosio. Conservante: sorbato di potassio.<\/p>\n<p>Enth\u00e4lt <strong>Sulfite<\/strong> und Spuren von <strong>andere N\u00fcsse<\/strong>.<\/p>\n<p>NAT\u00dcRLICH GLUTENFREI<\/p>\n<p>OHNE BACKTRIEBMITTEL<\/p>\n<p>&nbsp;<\/p>","protected":false},"excerpt":{"rendered":"<p>Lorem ipsum dolor sit amet, consectetur adipiscing elit, sed do eiusmod tempor incidididunt ut labore et dolore magna aliqua. Ut enim ad minim veniam, quis nostrud exercitation ullamco laboris nisi ut aliquip ex ea commodo consequat. Duis aute irure dolor in reprehenderit in voluptate velit esse cillum dolore eu fugiat nulla pariatur. Excepteur sint occaecat cupidatat non proident, sunt in culpa qui officia deserunt mollit anim id est laborum.<\/p>","protected":false},"featured_media":1461,"comment_status":"open","ping_status":"closed","template":"","meta":[],"product_brand":[],"product_cat":[24],"product_tag":[25],"class_list":{"0":"post-1490","1":"product","2":"type-product","3":"status-publish","4":"has-post-thumbnail","6":"product_cat-amaretti-morbidi","7":"product_tag-amaretti-morbidi","9":"first","10":"instock","11":"taxable","12":"shipping-taxable","13":"purchasable","14":"product-type-variable","15":"has-default-attributes"},"yoast_head":"<!-- This site is optimized with the Yoast SEO plugin v27.4 - https:\/\/yoast.com\/product\/yoast-seo-wordpress\/ -->\n<title>Amaretti Morbidi di Mombaruzzo Al Moscato D&#039;Asti DOCG - Cavalier Vicenzi<\/title>\n<meta name=\"description\" content=\"Due eccellenze del Monferrato astigiano si uniscono per creare un amaretto straordinario, che rappresenta tutti i sapori di questo meraviglioso territorio.\" \/>\n<meta name=\"robots\" content=\"index, follow, max-snippet:-1, max-image-preview:large, max-video-preview:-1\" \/>\n<link rel=\"canonical\" href=\"https:\/\/cavaliervicenzi.com\/de\/produkt\/amaretti-morbidi-di-mombaruzzo-al-moscato-dasti-docg\/\" \/>\n<meta property=\"og:locale\" content=\"de_DE\" \/>\n<meta property=\"og:type\" content=\"article\" \/>\n<meta property=\"og:title\" content=\"Amaretti Morbidi di Mombaruzzo Al Moscato D&#039;Asti DOCG - Cavalier Vicenzi\" \/>\n<meta property=\"og:description\" content=\"Due eccellenze del Monferrato astigiano si uniscono per creare un amaretto straordinario, che rappresenta tutti i sapori di questo meraviglioso territorio.\" \/>\n<meta property=\"og:url\" content=\"https:\/\/cavaliervicenzi.com\/de\/produkt\/amaretti-morbidi-di-mombaruzzo-al-moscato-dasti-docg\/\" \/>\n<meta property=\"og:site_name\" content=\"Cavalier Vicenzi\" \/>\n<meta property=\"article:modified_time\" content=\"2026-04-09T14:05:10+00:00\" \/>\n<meta property=\"og:image\" content=\"https:\/\/cavaliervicenzi.com\/wp-content\/uploads\/2025\/09\/Moscato-e1757504082539.jpg\" \/>\n\t<meta property=\"og:image:width\" content=\"1326\" \/>\n\t<meta property=\"og:image:height\" content=\"1326\" \/>\n\t<meta property=\"og:image:type\" content=\"image\/jpeg\" \/>\n<meta name=\"twitter:card\" content=\"summary_large_image\" \/>\n<meta name=\"twitter:label1\" content=\"Gesch\u00e4tzte Lesezeit\" \/>\n\t<meta name=\"twitter:data1\" content=\"1\u00a0Minute\" \/>\n<script type=\"application\/ld+json\" class=\"yoast-schema-graph\">{\"@context\":\"https:\\\/\\\/schema.org\",\"@graph\":[{\"@type\":\"WebPage\",\"@id\":\"https:\\\/\\\/cavaliervicenzi.com\\\/prodotto\\\/amaretti-morbidi-di-mombaruzzo-al-moscato-dasti-docg\\\/\",\"url\":\"https:\\\/\\\/cavaliervicenzi.com\\\/prodotto\\\/amaretti-morbidi-di-mombaruzzo-al-moscato-dasti-docg\\\/\",\"name\":\"Amaretti Morbidi di Mombaruzzo Al Moscato D'Asti DOCG - Cavalier Vicenzi\",\"isPartOf\":{\"@id\":\"https:\\\/\\\/cavaliervicenzi.com\\\/#website\"},\"primaryImageOfPage\":{\"@id\":\"https:\\\/\\\/cavaliervicenzi.com\\\/prodotto\\\/amaretti-morbidi-di-mombaruzzo-al-moscato-dasti-docg\\\/#primaryimage\"},\"image\":{\"@id\":\"https:\\\/\\\/cavaliervicenzi.com\\\/prodotto\\\/amaretti-morbidi-di-mombaruzzo-al-moscato-dasti-docg\\\/#primaryimage\"},\"thumbnailUrl\":\"https:\\\/\\\/cavaliervicenzi.com\\\/wp-content\\\/uploads\\\/2025\\\/09\\\/Moscato-e1757504082539.jpg\",\"datePublished\":\"2025-09-10T11:32:05+00:00\",\"dateModified\":\"2026-04-09T14:05:10+00:00\",\"description\":\"Due eccellenze del Monferrato astigiano si uniscono per creare un amaretto straordinario, che rappresenta tutti i sapori di questo meraviglioso territorio.\",\"breadcrumb\":{\"@id\":\"https:\\\/\\\/cavaliervicenzi.com\\\/prodotto\\\/amaretti-morbidi-di-mombaruzzo-al-moscato-dasti-docg\\\/#breadcrumb\"},\"inLanguage\":\"de\",\"potentialAction\":[{\"@type\":\"ReadAction\",\"target\":[\"https:\\\/\\\/cavaliervicenzi.com\\\/prodotto\\\/amaretti-morbidi-di-mombaruzzo-al-moscato-dasti-docg\\\/\"]}]},{\"@type\":\"ImageObject\",\"inLanguage\":\"de\",\"@id\":\"https:\\\/\\\/cavaliervicenzi.com\\\/prodotto\\\/amaretti-morbidi-di-mombaruzzo-al-moscato-dasti-docg\\\/#primaryimage\",\"url\":\"https:\\\/\\\/cavaliervicenzi.com\\\/wp-content\\\/uploads\\\/2025\\\/09\\\/Moscato-e1757504082539.jpg\",\"contentUrl\":\"https:\\\/\\\/cavaliervicenzi.com\\\/wp-content\\\/uploads\\\/2025\\\/09\\\/Moscato-e1757504082539.jpg\",\"width\":1326,\"height\":1326},{\"@type\":\"BreadcrumbList\",\"@id\":\"https:\\\/\\\/cavaliervicenzi.com\\\/prodotto\\\/amaretti-morbidi-di-mombaruzzo-al-moscato-dasti-docg\\\/#breadcrumb\",\"itemListElement\":[{\"@type\":\"ListItem\",\"position\":1,\"name\":\"Home\",\"item\":\"https:\\\/\\\/cavaliervicenzi.com\\\/\"},{\"@type\":\"ListItem\",\"position\":2,\"name\":\"Negozio\",\"item\":\"https:\\\/\\\/cavaliervicenzi.com\\\/?page_id=1286\"},{\"@type\":\"ListItem\",\"position\":3,\"name\":\"Amaretti Morbidi di Mombaruzzo Al Moscato D&#8217;Asti DOCG\"}]},{\"@type\":\"WebSite\",\"@id\":\"https:\\\/\\\/cavaliervicenzi.com\\\/#website\",\"url\":\"https:\\\/\\\/cavaliervicenzi.com\\\/\",\"name\":\"Cavalier Vicenzi\",\"description\":\"Amaretti Morbidi di Mombaruzzo\",\"publisher\":{\"@id\":\"https:\\\/\\\/cavaliervicenzi.com\\\/#organization\"},\"potentialAction\":[{\"@type\":\"SearchAction\",\"target\":{\"@type\":\"EntryPoint\",\"urlTemplate\":\"https:\\\/\\\/cavaliervicenzi.com\\\/?s={search_term_string}\"},\"query-input\":{\"@type\":\"PropertyValueSpecification\",\"valueRequired\":true,\"valueName\":\"search_term_string\"}}],\"inLanguage\":\"de\"},{\"@type\":\"Organization\",\"@id\":\"https:\\\/\\\/cavaliervicenzi.com\\\/#organization\",\"name\":\"Cavalier Vicenzi\",\"url\":\"https:\\\/\\\/cavaliervicenzi.com\\\/\",\"logo\":{\"@type\":\"ImageObject\",\"inLanguage\":\"de\",\"@id\":\"https:\\\/\\\/cavaliervicenzi.com\\\/#\\\/schema\\\/logo\\\/image\\\/\",\"url\":\"https:\\\/\\\/cavaliervicenzi.com\\\/wp-content\\\/uploads\\\/2025\\\/07\\\/logo-vicenzi.png\",\"contentUrl\":\"https:\\\/\\\/cavaliervicenzi.com\\\/wp-content\\\/uploads\\\/2025\\\/07\\\/logo-vicenzi.png\",\"width\":209,\"height\":149,\"caption\":\"Cavalier Vicenzi\"},\"image\":{\"@id\":\"https:\\\/\\\/cavaliervicenzi.com\\\/#\\\/schema\\\/logo\\\/image\\\/\"}}]}<\/script>\n<!-- \/ Yoast SEO plugin. -->","yoast_head_json":{"title":"Amaretti Morbidi di Mombaruzzo Al Moscato D'Asti DOCG - Cavalier Vicenzi","description":"Due eccellenze del Monferrato astigiano si uniscono per creare un amaretto straordinario, che rappresenta tutti i sapori di questo meraviglioso territorio.","robots":{"index":"index","follow":"follow","max-snippet":"max-snippet:-1","max-image-preview":"max-image-preview:large","max-video-preview":"max-video-preview:-1"},"canonical":"https:\/\/cavaliervicenzi.com\/de\/produkt\/amaretti-morbidi-di-mombaruzzo-al-moscato-dasti-docg\/","og_locale":"de_DE","og_type":"article","og_title":"Amaretti Morbidi di Mombaruzzo Al Moscato D'Asti DOCG - Cavalier Vicenzi","og_description":"Due eccellenze del Monferrato astigiano si uniscono per creare un amaretto straordinario, che rappresenta tutti i sapori di questo meraviglioso territorio.","og_url":"https:\/\/cavaliervicenzi.com\/de\/produkt\/amaretti-morbidi-di-mombaruzzo-al-moscato-dasti-docg\/","og_site_name":"Cavalier Vicenzi","article_modified_time":"2026-04-09T14:05:10+00:00","og_image":[{"width":1326,"height":1326,"url":"https:\/\/cavaliervicenzi.com\/wp-content\/uploads\/2025\/09\/Moscato-e1757504082539.jpg","type":"image\/jpeg"}],"twitter_card":"summary_large_image","twitter_misc":{"Gesch\u00e4tzte Lesezeit":"1\u00a0Minute"},"schema":{"@context":"https:\/\/schema.org","@graph":[{"@type":"WebPage","@id":"https:\/\/cavaliervicenzi.com\/prodotto\/amaretti-morbidi-di-mombaruzzo-al-moscato-dasti-docg\/","url":"https:\/\/cavaliervicenzi.com\/prodotto\/amaretti-morbidi-di-mombaruzzo-al-moscato-dasti-docg\/","name":"Amaretti Morbidi di Mombaruzzo Al Moscato D'Asti DOCG - Cavalier Vicenzi","isPartOf":{"@id":"https:\/\/cavaliervicenzi.com\/#website"},"primaryImageOfPage":{"@id":"https:\/\/cavaliervicenzi.com\/prodotto\/amaretti-morbidi-di-mombaruzzo-al-moscato-dasti-docg\/#primaryimage"},"image":{"@id":"https:\/\/cavaliervicenzi.com\/prodotto\/amaretti-morbidi-di-mombaruzzo-al-moscato-dasti-docg\/#primaryimage"},"thumbnailUrl":"https:\/\/cavaliervicenzi.com\/wp-content\/uploads\/2025\/09\/Moscato-e1757504082539.jpg","datePublished":"2025-09-10T11:32:05+00:00","dateModified":"2026-04-09T14:05:10+00:00","description":"Due eccellenze del Monferrato astigiano si uniscono per creare un amaretto straordinario, che rappresenta tutti i sapori di questo meraviglioso territorio.","breadcrumb":{"@id":"https:\/\/cavaliervicenzi.com\/prodotto\/amaretti-morbidi-di-mombaruzzo-al-moscato-dasti-docg\/#breadcrumb"},"inLanguage":"de","potentialAction":[{"@type":"ReadAction","target":["https:\/\/cavaliervicenzi.com\/prodotto\/amaretti-morbidi-di-mombaruzzo-al-moscato-dasti-docg\/"]}]},{"@type":"ImageObject","inLanguage":"de","@id":"https:\/\/cavaliervicenzi.com\/prodotto\/amaretti-morbidi-di-mombaruzzo-al-moscato-dasti-docg\/#primaryimage","url":"https:\/\/cavaliervicenzi.com\/wp-content\/uploads\/2025\/09\/Moscato-e1757504082539.jpg","contentUrl":"https:\/\/cavaliervicenzi.com\/wp-content\/uploads\/2025\/09\/Moscato-e1757504082539.jpg","width":1326,"height":1326},{"@type":"BreadcrumbList","@id":"https:\/\/cavaliervicenzi.com\/prodotto\/amaretti-morbidi-di-mombaruzzo-al-moscato-dasti-docg\/#breadcrumb","itemListElement":[{"@type":"ListItem","position":1,"name":"Home","item":"https:\/\/cavaliervicenzi.com\/"},{"@type":"ListItem","position":2,"name":"Negozio","item":"https:\/\/cavaliervicenzi.com\/?page_id=1286"},{"@type":"ListItem","position":3,"name":"Amaretti Morbidi di Mombaruzzo Al Moscato D&#8217;Asti DOCG"}]},{"@type":"WebSite","@id":"https:\/\/cavaliervicenzi.com\/#website","url":"https:\/\/cavaliervicenzi.com\/","name":"Kavalier Vicenzi","description":"Amaretti Morbidi di Mombaruzzo","publisher":{"@id":"https:\/\/cavaliervicenzi.com\/#organization"},"potentialAction":[{"@type":"SearchAction","target":{"@type":"EntryPoint","urlTemplate":"https:\/\/cavaliervicenzi.com\/?s={search_term_string}"},"query-input":{"@type":"PropertyValueSpecification","valueRequired":true,"valueName":"search_term_string"}}],"inLanguage":"de"},{"@type":"Organization","@id":"https:\/\/cavaliervicenzi.com\/#organization","name":"Kavalier Vicenzi","url":"https:\/\/cavaliervicenzi.com\/","logo":{"@type":"ImageObject","inLanguage":"de","@id":"https:\/\/cavaliervicenzi.com\/#\/schema\/logo\/image\/","url":"https:\/\/cavaliervicenzi.com\/wp-content\/uploads\/2025\/07\/logo-vicenzi.png","contentUrl":"https:\/\/cavaliervicenzi.com\/wp-content\/uploads\/2025\/07\/logo-vicenzi.png","width":209,"height":149,"caption":"Cavalier Vicenzi"},"image":{"@id":"https:\/\/cavaliervicenzi.com\/#\/schema\/logo\/image\/"}}]}},"jetpack_sharing_enabled":true,"_links":{"self":[{"href":"https:\/\/cavaliervicenzi.com\/de\/wp-json\/wp\/v2\/product\/1490","targetHints":{"allow":["GET"]}}],"collection":[{"href":"https:\/\/cavaliervicenzi.com\/de\/wp-json\/wp\/v2\/product"}],"about":[{"href":"https:\/\/cavaliervicenzi.com\/de\/wp-json\/wp\/v2\/types\/product"}],"replies":[{"embeddable":true,"href":"https:\/\/cavaliervicenzi.com\/de\/wp-json\/wp\/v2\/comments?post=1490"}],"wp:featuredmedia":[{"embeddable":true,"href":"https:\/\/cavaliervicenzi.com\/de\/wp-json\/wp\/v2\/media\/1461"}],"wp:attachment":[{"href":"https:\/\/cavaliervicenzi.com\/de\/wp-json\/wp\/v2\/media?parent=1490"}],"wp:term":[{"taxonomy":"product_brand","embeddable":true,"href":"https:\/\/cavaliervicenzi.com\/de\/wp-json\/wp\/v2\/product_brand?post=1490"},{"taxonomy":"product_cat","embeddable":true,"href":"https:\/\/cavaliervicenzi.com\/de\/wp-json\/wp\/v2\/product_cat?post=1490"},{"taxonomy":"product_tag","embeddable":true,"href":"https:\/\/cavaliervicenzi.com\/de\/wp-json\/wp\/v2\/product_tag?post=1490"}],"curies":[{"name":"wp","href":"https:\/\/api.w.org\/{rel}","templated":true}]}}