{"id":605,"date":"2025-07-30T09:48:28","date_gmt":"2025-07-30T09:48:28","guid":{"rendered":"https:\/\/temp.demetradesign.it\/cav\/?page_id=605"},"modified":"2025-12-05T10:04:11","modified_gmt":"2025-12-05T10:04:11","slug":"chi-siamo","status":"publish","type":"page","link":"https:\/\/cavaliervicenzi.com\/fr\/chi-siamo\/","title":{"rendered":"\u00c0 propos de nous"},"content":{"rendered":"<div data-elementor-type=\"wp-page\" data-elementor-id=\"605\" class=\"elementor elementor-605\" data-elementor-post-type=\"page\">\n\t\t\t\t<div class=\"elementor-element elementor-element-a51a872 e-flex e-con-boxed e-con e-parent\" data-id=\"a51a872\" data-element_type=\"container\" data-e-type=\"container\" data-settings=\"{&quot;background_background&quot;:&quot;classic&quot;}\">\n\t\t\t\t\t<div class=\"e-con-inner\">\n\t\t\t\t<div class=\"elementor-element elementor-element-b8eb52d elementor-widget elementor-widget-heading\" data-id=\"b8eb52d\" data-element_type=\"widget\" data-e-type=\"widget\" data-widget_type=\"heading.default\">\n\t\t\t\t<div class=\"elementor-widget-container\">\n\t\t\t\t\t<h2 class=\"elementor-heading-title elementor-size-default\">Une histoire de douceur n\u00e9e au c\u0153ur du Pi\u00e9mont<\/h2>\t\t\t\t<\/div>\n\t\t\t\t<\/div>\n\t\t\t\t<div class=\"elementor-element elementor-element-a798696 elementor-widget elementor-widget-text-editor\" data-id=\"a798696\" data-element_type=\"widget\" data-e-type=\"widget\" data-widget_type=\"text-editor.default\">\n\t\t\t\t<div class=\"elementor-widget-container\">\n\t\t\t\t\t\t\t\t\t<p>L'histoire de Cavalier Vicenzi est ancr\u00e9e dans la riche tradition p\u00e2tissi\u00e8re du Pi\u00e9mont, en particulier la production des embl\u00e9matiques macarons moelleux de Mombaruzzo.<\/p><p>Fondata con la passione per l&#8217;eccellenza e il rispetto delle antiche ricette, la nostra azienda si impegna ogni giorno a preservare l&#8217;autenticit\u00e0 di un prodotto unico, nato tra colline rigogliose e laboratori carichi di profumi inconfondibili.<\/p>\t\t\t\t\t\t\t\t<\/div>\n\t\t\t\t<\/div>\n\t\t\t\t\t<\/div>\n\t\t\t\t<\/div>\n\t\t<div class=\"elementor-element elementor-element-021a18b e-flex e-con-boxed e-con e-parent\" data-id=\"021a18b\" data-element_type=\"container\" data-e-type=\"container\">\n\t\t\t\t\t<div class=\"e-con-inner\">\n\t\t<div class=\"elementor-element elementor-element-b661ae5 e-con-full e-flex e-con e-child\" data-id=\"b661ae5\" data-element_type=\"container\" data-e-type=\"container\">\n\t\t\t\t<div class=\"elementor-element elementor-element-677d0d7 elementor-widget elementor-widget-heading\" data-id=\"677d0d7\" data-element_type=\"widget\" data-e-type=\"widget\" data-widget_type=\"heading.default\">\n\t\t\t\t<div class=\"elementor-widget-container\">\n\t\t\t\t\t<h2 class=\"elementor-heading-title elementor-size-default\">1955<\/h2>\t\t\t\t<\/div>\n\t\t\t\t<\/div>\n\t\t\t\t<div class=\"elementor-element elementor-element-641ad92 elementor-widget__width-initial elementor-widget elementor-widget-heading\" data-id=\"641ad92\" data-element_type=\"widget\" data-e-type=\"widget\" data-widget_type=\"heading.default\">\n\t\t\t\t<div class=\"elementor-widget-container\">\n\t\t\t\t\t<h2 class=\"elementor-heading-title elementor-size-default\">Nos origines<\/h2>\t\t\t\t<\/div>\n\t\t\t\t<\/div>\n\t\t\t\t<div class=\"elementor-element elementor-element-5467ab2 elementor-widget__width-initial elementor-widget elementor-widget-text-editor\" data-id=\"5467ab2\" data-element_type=\"widget\" data-e-type=\"widget\" data-widget_type=\"text-editor.default\">\n\t\t\t\t<div class=\"elementor-widget-container\">\n\t\t\t\t\t\t\t\t\t<p>Dal 1955 Cavalier Vicenzi \u00e8 impegnata nella produzione degli amaretti morbidi di Mombaruzzo, simbolo della tradizione dolciaria piemontese.<\/p><p>Con una solida esperienza artigianale e un forte legame con il territorio, siamo cresciuti trasformando la passione per la qualit\u00e0 in un impegno quotidiano: offrire prodotti autentici, dal sapore inconfondibile.<\/p>\t\t\t\t\t\t\t\t<\/div>\n\t\t\t\t<\/div>\n\t\t\t\t<\/div>\n\t\t<div class=\"elementor-element elementor-element-c6f410e e-con-full e-flex e-con e-child\" data-id=\"c6f410e\" data-element_type=\"container\" data-e-type=\"container\" data-settings=\"{&quot;background_background&quot;:&quot;classic&quot;}\">\n\t\t\t\t<\/div>\n\t\t\t\t\t<\/div>\n\t\t\t\t<\/div>\n\t\t<div class=\"elementor-element elementor-element-e7fddf7 e-flex e-con-boxed e-con e-parent\" data-id=\"e7fddf7\" data-element_type=\"container\" data-e-type=\"container\">\n\t\t\t\t\t<div class=\"e-con-inner\">\n\t\t<div class=\"elementor-element elementor-element-40033d3 e-con-full e-flex e-con e-child\" data-id=\"40033d3\" data-element_type=\"container\" data-e-type=\"container\">\n\t\t\t\t<div class=\"elementor-element elementor-element-6224038 elementor-widget elementor-widget-heading\" data-id=\"6224038\" data-element_type=\"widget\" data-e-type=\"widget\" data-widget_type=\"heading.default\">\n\t\t\t\t<div class=\"elementor-widget-container\">\n\t\t\t\t\t<h2 class=\"elementor-heading-title elementor-size-default\">1965<\/h2>\t\t\t\t<\/div>\n\t\t\t\t<\/div>\n\t\t\t\t<div class=\"elementor-element elementor-element-35db1e2 elementor-widget__width-initial elementor-widget elementor-widget-heading\" data-id=\"35db1e2\" data-element_type=\"widget\" data-e-type=\"widget\" data-widget_type=\"heading.default\">\n\t\t\t\t<div class=\"elementor-widget-container\">\n\t\t\t\t\t<h2 class=\"elementor-heading-title elementor-size-default\">Le go\u00fbt authentique de l'Amaretto di Mombaruzzo<\/h2>\t\t\t\t<\/div>\n\t\t\t\t<\/div>\n\t\t\t\t<div class=\"elementor-element elementor-element-91dc838 elementor-widget__width-initial elementor-widget elementor-widget-text-editor\" data-id=\"91dc838\" data-element_type=\"widget\" data-e-type=\"widget\" data-widget_type=\"text-editor.default\">\n\t\t\t\t<div class=\"elementor-widget-container\">\n\t\t\t\t\t\t\t\t\t<p>En 1965, nous avons franchi une \u00e9tape d\u00e9cisive en nous sp\u00e9cialisant exclusivement dans la production des macarons moelleux de Mombaruzzo.<\/p><p>Una scelta di coraggio e visione che ci ha permesso di affinare le tecniche di lavorazione, perfezionare la ricetta originale e consolidare la nostra identit\u00e0 come ambasciatori di questo dolce simbolo del Piemonte.<\/p>\t\t\t\t\t\t\t\t<\/div>\n\t\t\t\t<\/div>\n\t\t\t\t<\/div>\n\t\t<div class=\"elementor-element elementor-element-fa5b7ab e-con-full e-flex e-con e-child\" data-id=\"fa5b7ab\" data-element_type=\"container\" data-e-type=\"container\" data-settings=\"{&quot;background_background&quot;:&quot;classic&quot;}\">\n\t\t\t\t<\/div>\n\t\t\t\t\t<\/div>\n\t\t\t\t<\/div>\n\t\t<div class=\"elementor-element elementor-element-5f1221b e-flex e-con-boxed e-con e-parent\" data-id=\"5f1221b\" data-element_type=\"container\" data-e-type=\"container\">\n\t\t\t\t\t<div class=\"e-con-inner\">\n\t\t<div class=\"elementor-element elementor-element-ae8023e e-con-full e-flex e-con e-child\" data-id=\"ae8023e\" data-element_type=\"container\" data-e-type=\"container\">\n\t\t\t\t<div class=\"elementor-element elementor-element-8c949ef elementor-widget elementor-widget-heading\" data-id=\"8c949ef\" data-element_type=\"widget\" data-e-type=\"widget\" data-widget_type=\"heading.default\">\n\t\t\t\t<div class=\"elementor-widget-container\">\n\t\t\t\t\t<h2 class=\"elementor-heading-title elementor-size-default\">2014<\/h2>\t\t\t\t<\/div>\n\t\t\t\t<\/div>\n\t\t\t\t<div class=\"elementor-element elementor-element-c8728bd elementor-widget__width-initial elementor-widget elementor-widget-heading\" data-id=\"c8728bd\" data-element_type=\"widget\" data-e-type=\"widget\" data-widget_type=\"heading.default\">\n\t\t\t\t<div class=\"elementor-widget-container\">\n\t\t\t\t\t<h2 class=\"elementor-heading-title elementor-size-default\">Parmi les excellences italiennes<\/h2>\t\t\t\t<\/div>\n\t\t\t\t<\/div>\n\t\t\t\t<div class=\"elementor-element elementor-element-62e2be4 elementor-widget__width-initial elementor-widget elementor-widget-text-editor\" data-id=\"62e2be4\" data-element_type=\"widget\" data-e-type=\"widget\" data-widget_type=\"text-editor.default\">\n\t\t\t\t<div class=\"elementor-widget-container\">\n\t\t\t\t\t\t\t\t\t<p>En 2014, les macarons moelleux Cavalier Vicenzi ont \u00e9t\u00e9 s\u00e9lectionn\u00e9s par <strong>Eataly<\/strong> comme l'excellence dans la tradition gastronomique et vinicole italienne.<\/p><p>Nasce cos\u00ec una linea personalizzata destinata al mercato internazionale, che porta i nostri prodotti oltreconfine: in Europa, Canada, Stati Uniti e nei migliori store di qualit\u00e0. Un riconoscimento che premia la nostra fedelt\u00e0 alle origini e la capacit\u00e0 di innovare senza mai tradire l\u2019autenticit\u00e0.<\/p>\t\t\t\t\t\t\t\t<\/div>\n\t\t\t\t<\/div>\n\t\t\t\t<\/div>\n\t\t<div class=\"elementor-element elementor-element-43a02bd e-con-full e-flex e-con e-child\" data-id=\"43a02bd\" data-element_type=\"container\" data-e-type=\"container\" data-settings=\"{&quot;background_background&quot;:&quot;classic&quot;}\">\n\t\t\t\t<\/div>\n\t\t\t\t\t<\/div>\n\t\t\t\t<\/div>\n\t\t<div class=\"elementor-element elementor-element-c7b08ef e-flex e-con-boxed e-con e-parent\" data-id=\"c7b08ef\" data-element_type=\"container\" data-e-type=\"container\">\n\t\t\t\t\t<div class=\"e-con-inner\">\n\t\t<div class=\"elementor-element elementor-element-0e2f3b0 e-con-full e-flex e-con e-child\" data-id=\"0e2f3b0\" data-element_type=\"container\" data-e-type=\"container\">\n\t\t\t\t<div class=\"elementor-element elementor-element-ea119a4 elementor-widget elementor-widget-heading\" data-id=\"ea119a4\" data-element_type=\"widget\" data-e-type=\"widget\" data-widget_type=\"heading.default\">\n\t\t\t\t<div class=\"elementor-widget-container\">\n\t\t\t\t\t<h2 class=\"elementor-heading-title elementor-size-default\">2024<\/h2>\t\t\t\t<\/div>\n\t\t\t\t<\/div>\n\t\t\t\t<div class=\"elementor-element elementor-element-93ca2f3 elementor-widget__width-initial elementor-widget elementor-widget-heading\" data-id=\"93ca2f3\" data-element_type=\"widget\" data-e-type=\"widget\" data-widget_type=\"heading.default\">\n\t\t\t\t<div class=\"elementor-widget-container\">\n\t\t\t\t\t<h2 class=\"elementor-heading-title elementor-size-default\">Naissance de la ligne Nobili<\/h2>\t\t\t\t<\/div>\n\t\t\t\t<\/div>\n\t\t\t\t<div class=\"elementor-element elementor-element-d499c91 elementor-widget__width-initial elementor-widget elementor-widget-text-editor\" data-id=\"d499c91\" data-element_type=\"widget\" data-e-type=\"widget\" data-widget_type=\"text-editor.default\">\n\t\t\t\t<div class=\"elementor-widget-container\">\n\t\t\t\t\t\t\t\t\t<p>Notre gamme de macarons, tout en restant fid\u00e8le \u00e0 la recette classique, s'enrichit de nouvelles propositions capables de r\u00e9pondre aux diff\u00e9rentes occasions de consommation et aux attentes des march\u00e9s internationaux.<\/p><p>Avec <strong>Nobles<\/strong>, portiamo una ventata di freschezza nel mondo degli amaretti: nuove combinazioni sorprendenti e originali, che uniscono il rispetto per la tradizione alla creativit\u00e0 contemporanea, per offrire esperienze gustative uniche.<\/p>\t\t\t\t\t\t\t\t<\/div>\n\t\t\t\t<\/div>\n\t\t\t\t<\/div>\n\t\t<div class=\"elementor-element elementor-element-9167e1a e-con-full e-flex e-con e-child\" data-id=\"9167e1a\" data-element_type=\"container\" data-e-type=\"container\" data-settings=\"{&quot;background_background&quot;:&quot;classic&quot;}\">\n\t\t\t\t<\/div>\n\t\t\t\t\t<\/div>\n\t\t\t\t<\/div>\n\t\t<div class=\"elementor-element elementor-element-4f99f37 e-flex e-con-boxed e-con e-parent\" data-id=\"4f99f37\" data-element_type=\"container\" data-e-type=\"container\">\n\t\t\t\t\t<div class=\"e-con-inner\">\n\t\t<div class=\"elementor-element elementor-element-350fea6 e-con-full e-flex e-con e-child\" data-id=\"350fea6\" data-element_type=\"container\" data-e-type=\"container\">\n\t\t\t\t<div class=\"elementor-element elementor-element-1edd4ec elementor-widget elementor-widget-heading\" data-id=\"1edd4ec\" data-element_type=\"widget\" data-e-type=\"widget\" data-widget_type=\"heading.default\">\n\t\t\t\t<div class=\"elementor-widget-container\">\n\t\t\t\t\t<h2 class=\"elementor-heading-title elementor-size-default\">Aujourd'hui<\/h2>\t\t\t\t<\/div>\n\t\t\t\t<\/div>\n\t\t\t\t<div class=\"elementor-element elementor-element-870a835 elementor-widget__width-initial elementor-widget elementor-widget-heading\" data-id=\"870a835\" data-element_type=\"widget\" data-e-type=\"widget\" data-widget_type=\"heading.default\">\n\t\t\t\t<div class=\"elementor-widget-container\">\n\t\t\t\t\t<h2 class=\"elementor-heading-title elementor-size-default\">Il valore del tempo, la nostra filosofia \u201cSlow Food\u201d<\/h2>\t\t\t\t<\/div>\n\t\t\t\t<\/div>\n\t\t\t\t<div class=\"elementor-element elementor-element-2124df7 elementor-widget__width-initial elementor-widget elementor-widget-text-editor\" data-id=\"2124df7\" data-element_type=\"widget\" data-e-type=\"widget\" data-widget_type=\"text-editor.default\">\n\t\t\t\t<div class=\"elementor-widget-container\">\n\t\t\t\t\t\t\t\t\t<p>In un\u2019epoca in cui tutto corre veloce, noi continuiamo a credere nel valore del tempo. Ogni fase della nostra produzione \u00e8 guidata dalla cura, dalla pazienza e dal rispetto: dalla selezione delle migliori mandorle alla lenta lavorazione che preserva intatto il gusto autentico.<\/p><p>I nostri standard qualitativi sono certificati da numerosi riconoscimenti nazionali e internazionali, e i nostri prodotti sono venduti in Italia e all\u2019estero.<\/p><p>Il nostro obiettivo non \u00e8 solo creare un dolce morbido, fragrante e genuino, dal gusto eccezionale e indimenticabile, ma regalare un&#8217;esperienza che racconti una storia: quella di una passione artigianale che si rinnova ogni giorno.<\/p>\t\t\t\t\t\t\t\t<\/div>\n\t\t\t\t<\/div>\n\t\t\t\t<\/div>\n\t\t<div class=\"elementor-element elementor-element-30d5b52 e-con-full e-flex e-con e-child\" data-id=\"30d5b52\" data-element_type=\"container\" data-e-type=\"container\" data-settings=\"{&quot;background_background&quot;:&quot;classic&quot;}\">\n\t\t\t\t<\/div>\n\t\t\t\t\t<\/div>\n\t\t\t\t<\/div>\n\t\t<div class=\"elementor-element elementor-element-c80e35b e-flex e-con-boxed e-con e-parent\" data-id=\"c80e35b\" data-element_type=\"container\" data-e-type=\"container\">\n\t\t\t\t\t<div class=\"e-con-inner\">\n\t\t\t\t<div class=\"elementor-element elementor-element-b77d35b elementor-widget elementor-widget-heading\" data-id=\"b77d35b\" data-element_type=\"widget\" data-e-type=\"widget\" data-widget_type=\"heading.default\">\n\t\t\t\t<div class=\"elementor-widget-container\">\n\t\t\t\t\t<h2 class=\"elementor-heading-title elementor-size-default\">Cavalier Vicenzi<\/h2>\t\t\t\t<\/div>\n\t\t\t\t<\/div>\n\t\t\t\t<div class=\"elementor-element elementor-element-4850bb0 elementor-widget__width-initial elementor-widget elementor-widget-heading\" data-id=\"4850bb0\" data-element_type=\"widget\" data-e-type=\"widget\" data-widget_type=\"heading.default\">\n\t\t\t\t<div class=\"elementor-widget-container\">\n\t\t\t\t\t<h2 class=\"elementor-heading-title elementor-size-default\">Douceur, tradition et innovation au c\u0153ur du Pi\u00e9mont.<\/h2>\t\t\t\t<\/div>\n\t\t\t\t<\/div>\n\t\t\t\t\t<\/div>\n\t\t\t\t<\/div>\n\t\t\t\t<\/div>","protected":false},"excerpt":{"rendered":"<p>Una storia di dolcezza che nasce nel cuore del Piemonte La storia di Cavalier Vicenzi affonda le radici nella ricca tradizione dolciaria del Piemonte, in particolare nella produzione degli iconici amaretti morbidi di Mombaruzzo. Fondata con la passione per l&#8217;eccellenza e il rispetto delle antiche ricette, la nostra azienda si impegna ogni giorno a preservare [&hellip;]<\/p>\n","protected":false},"author":1,"featured_media":0,"parent":0,"menu_order":0,"comment_status":"closed","ping_status":"closed","template":"elementor_header_footer","meta":{"footnotes":""},"class_list":["post-605","page","type-page","status-publish","hentry"],"yoast_head":"<!-- This site is optimized with the Yoast SEO plugin v27.5 - https:\/\/yoast.com\/product\/yoast-seo-wordpress\/ -->\n<title>Chi siamo | Cavalier Vicenzi \u2013 Amaretti di Mombaruzzo dal 1955<\/title>\n<meta name=\"description\" content=\"Dal 1955 produciamo amaretti di Mombaruzzo con ricetta e qualit\u00e0 artigianale. Scopri la storia, i valori e la filosofia Cavalier Vicenzi.\" \/>\n<meta name=\"robots\" content=\"index, follow, max-snippet:-1, max-image-preview:large, max-video-preview:-1\" \/>\n<link rel=\"canonical\" href=\"https:\/\/cavaliervicenzi.com\/fr\/chi-siamo\/\" \/>\n<meta property=\"og:locale\" content=\"fr_FR\" \/>\n<meta property=\"og:type\" content=\"article\" \/>\n<meta property=\"og:title\" content=\"Chi siamo | Cavalier Vicenzi \u2013 Amaretti di Mombaruzzo dal 1955\" \/>\n<meta property=\"og:description\" content=\"Dal 1955 produciamo amaretti di Mombaruzzo con ricetta e qualit\u00e0 artigianale. Scopri la storia, i valori e la filosofia Cavalier Vicenzi.\" \/>\n<meta property=\"og:url\" content=\"https:\/\/cavaliervicenzi.com\/fr\/chi-siamo\/\" \/>\n<meta property=\"og:site_name\" content=\"Cavalier Vicenzi\" \/>\n<meta property=\"article:modified_time\" content=\"2025-12-05T10:04:11+00:00\" \/>\n<meta name=\"twitter:card\" content=\"summary_large_image\" \/>\n<meta name=\"twitter:label1\" content=\"Dur\u00e9e de lecture estim\u00e9e\" \/>\n\t<meta name=\"twitter:data1\" content=\"3 minutes\" \/>\n<script type=\"application\/ld+json\" class=\"yoast-schema-graph\">{\"@context\":\"https:\\\/\\\/schema.org\",\"@graph\":[{\"@type\":\"WebPage\",\"@id\":\"https:\\\/\\\/cavaliervicenzi.com\\\/chi-siamo\\\/\",\"url\":\"https:\\\/\\\/cavaliervicenzi.com\\\/chi-siamo\\\/\",\"name\":\"Chi siamo | Cavalier Vicenzi \u2013 Amaretti di Mombaruzzo dal 1955\",\"isPartOf\":{\"@id\":\"https:\\\/\\\/cavaliervicenzi.com\\\/#website\"},\"datePublished\":\"2025-07-30T09:48:28+00:00\",\"dateModified\":\"2025-12-05T10:04:11+00:00\",\"description\":\"Dal 1955 produciamo amaretti di Mombaruzzo con ricetta e qualit\u00e0 artigianale. Scopri la storia, i valori e la filosofia Cavalier Vicenzi.\",\"breadcrumb\":{\"@id\":\"https:\\\/\\\/cavaliervicenzi.com\\\/chi-siamo\\\/#breadcrumb\"},\"inLanguage\":\"fr-FR\",\"potentialAction\":[{\"@type\":\"ReadAction\",\"target\":[\"https:\\\/\\\/cavaliervicenzi.com\\\/chi-siamo\\\/\"]}]},{\"@type\":\"BreadcrumbList\",\"@id\":\"https:\\\/\\\/cavaliervicenzi.com\\\/chi-siamo\\\/#breadcrumb\",\"itemListElement\":[{\"@type\":\"ListItem\",\"position\":1,\"name\":\"Home\",\"item\":\"https:\\\/\\\/cavaliervicenzi.com\\\/\"},{\"@type\":\"ListItem\",\"position\":2,\"name\":\"Chi Siamo\"}]},{\"@type\":\"WebSite\",\"@id\":\"https:\\\/\\\/cavaliervicenzi.com\\\/#website\",\"url\":\"https:\\\/\\\/cavaliervicenzi.com\\\/\",\"name\":\"Cavalier Vicenzi\",\"description\":\"Amaretti Morbidi di Mombaruzzo\",\"publisher\":{\"@id\":\"https:\\\/\\\/cavaliervicenzi.com\\\/#organization\"},\"potentialAction\":[{\"@type\":\"SearchAction\",\"target\":{\"@type\":\"EntryPoint\",\"urlTemplate\":\"https:\\\/\\\/cavaliervicenzi.com\\\/?s={search_term_string}\"},\"query-input\":{\"@type\":\"PropertyValueSpecification\",\"valueRequired\":true,\"valueName\":\"search_term_string\"}}],\"inLanguage\":\"fr-FR\"},{\"@type\":\"Organization\",\"@id\":\"https:\\\/\\\/cavaliervicenzi.com\\\/#organization\",\"name\":\"Cavalier Vicenzi\",\"url\":\"https:\\\/\\\/cavaliervicenzi.com\\\/\",\"logo\":{\"@type\":\"ImageObject\",\"inLanguage\":\"fr-FR\",\"@id\":\"https:\\\/\\\/cavaliervicenzi.com\\\/#\\\/schema\\\/logo\\\/image\\\/\",\"url\":\"https:\\\/\\\/cavaliervicenzi.com\\\/wp-content\\\/uploads\\\/2025\\\/07\\\/logo-vicenzi.png\",\"contentUrl\":\"https:\\\/\\\/cavaliervicenzi.com\\\/wp-content\\\/uploads\\\/2025\\\/07\\\/logo-vicenzi.png\",\"width\":209,\"height\":149,\"caption\":\"Cavalier Vicenzi\"},\"image\":{\"@id\":\"https:\\\/\\\/cavaliervicenzi.com\\\/#\\\/schema\\\/logo\\\/image\\\/\"}}]}<\/script>\n<!-- \/ Yoast SEO plugin. -->","yoast_head_json":{"title":"Chi siamo | Cavalier Vicenzi \u2013 Amaretti di Mombaruzzo dal 1955","description":"Dal 1955 produciamo amaretti di Mombaruzzo con ricetta e qualit\u00e0 artigianale. Scopri la storia, i valori e la filosofia Cavalier Vicenzi.","robots":{"index":"index","follow":"follow","max-snippet":"max-snippet:-1","max-image-preview":"max-image-preview:large","max-video-preview":"max-video-preview:-1"},"canonical":"https:\/\/cavaliervicenzi.com\/fr\/chi-siamo\/","og_locale":"fr_FR","og_type":"article","og_title":"Chi siamo | Cavalier Vicenzi \u2013 Amaretti di Mombaruzzo dal 1955","og_description":"Dal 1955 produciamo amaretti di Mombaruzzo con ricetta e qualit\u00e0 artigianale. Scopri la storia, i valori e la filosofia Cavalier Vicenzi.","og_url":"https:\/\/cavaliervicenzi.com\/fr\/chi-siamo\/","og_site_name":"Cavalier Vicenzi","article_modified_time":"2025-12-05T10:04:11+00:00","twitter_card":"summary_large_image","twitter_misc":{"Dur\u00e9e de lecture estim\u00e9e":"3 minutes"},"schema":{"@context":"https:\/\/schema.org","@graph":[{"@type":"WebPage","@id":"https:\/\/cavaliervicenzi.com\/chi-siamo\/","url":"https:\/\/cavaliervicenzi.com\/chi-siamo\/","name":"Chi siamo | Cavalier Vicenzi \u2013 Amaretti di Mombaruzzo dal 1955","isPartOf":{"@id":"https:\/\/cavaliervicenzi.com\/#website"},"datePublished":"2025-07-30T09:48:28+00:00","dateModified":"2025-12-05T10:04:11+00:00","description":"Dal 1955 produciamo amaretti di Mombaruzzo con ricetta e qualit\u00e0 artigianale. Scopri la storia, i valori e la filosofia Cavalier Vicenzi.","breadcrumb":{"@id":"https:\/\/cavaliervicenzi.com\/chi-siamo\/#breadcrumb"},"inLanguage":"fr-FR","potentialAction":[{"@type":"ReadAction","target":["https:\/\/cavaliervicenzi.com\/chi-siamo\/"]}]},{"@type":"BreadcrumbList","@id":"https:\/\/cavaliervicenzi.com\/chi-siamo\/#breadcrumb","itemListElement":[{"@type":"ListItem","position":1,"name":"Home","item":"https:\/\/cavaliervicenzi.com\/"},{"@type":"ListItem","position":2,"name":"Chi Siamo"}]},{"@type":"WebSite","@id":"https:\/\/cavaliervicenzi.com\/#website","url":"https:\/\/cavaliervicenzi.com\/","name":"Cavalier Vicenzi","description":"Amaretti Morbidi di Mombaruzzo","publisher":{"@id":"https:\/\/cavaliervicenzi.com\/#organization"},"potentialAction":[{"@type":"SearchAction","target":{"@type":"EntryPoint","urlTemplate":"https:\/\/cavaliervicenzi.com\/?s={search_term_string}"},"query-input":{"@type":"PropertyValueSpecification","valueRequired":true,"valueName":"search_term_string"}}],"inLanguage":"fr-FR"},{"@type":"Organization","@id":"https:\/\/cavaliervicenzi.com\/#organization","name":"Cavalier Vicenzi","url":"https:\/\/cavaliervicenzi.com\/","logo":{"@type":"ImageObject","inLanguage":"fr-FR","@id":"https:\/\/cavaliervicenzi.com\/#\/schema\/logo\/image\/","url":"https:\/\/cavaliervicenzi.com\/wp-content\/uploads\/2025\/07\/logo-vicenzi.png","contentUrl":"https:\/\/cavaliervicenzi.com\/wp-content\/uploads\/2025\/07\/logo-vicenzi.png","width":209,"height":149,"caption":"Cavalier Vicenzi"},"image":{"@id":"https:\/\/cavaliervicenzi.com\/#\/schema\/logo\/image\/"}}]}},"jetpack_sharing_enabled":true,"_links":{"self":[{"href":"https:\/\/cavaliervicenzi.com\/fr\/wp-json\/wp\/v2\/pages\/605","targetHints":{"allow":["GET"]}}],"collection":[{"href":"https:\/\/cavaliervicenzi.com\/fr\/wp-json\/wp\/v2\/pages"}],"about":[{"href":"https:\/\/cavaliervicenzi.com\/fr\/wp-json\/wp\/v2\/types\/page"}],"author":[{"embeddable":true,"href":"https:\/\/cavaliervicenzi.com\/fr\/wp-json\/wp\/v2\/users\/1"}],"replies":[{"embeddable":true,"href":"https:\/\/cavaliervicenzi.com\/fr\/wp-json\/wp\/v2\/comments?post=605"}],"version-history":[{"count":75,"href":"https:\/\/cavaliervicenzi.com\/fr\/wp-json\/wp\/v2\/pages\/605\/revisions"}],"predecessor-version":[{"id":1077,"href":"https:\/\/cavaliervicenzi.com\/fr\/wp-json\/wp\/v2\/pages\/605\/revisions\/1077"}],"wp:attachment":[{"href":"https:\/\/cavaliervicenzi.com\/fr\/wp-json\/wp\/v2\/media?parent=605"}],"curies":[{"name":"wp","href":"https:\/\/api.w.org\/{rel}","templated":true}]}}