{"id":1478,"date":"2025-09-10T10:28:40","date_gmt":"2025-09-10T10:28:40","guid":{"rendered":"https:\/\/temp.demetradesign.it\/cav\/?post_type=product&#038;p=1478"},"modified":"2026-04-09T14:08:28","modified_gmt":"2026-04-09T14:08:28","slug":"amaretti-morbidi-di-mombaruzzo-misto-tradizionale","status":"publish","type":"product","link":"https:\/\/cavaliervicenzi.com\/fr\/produit\/amaretti-morbidi-di-mombaruzzo-misto-tradizionale\/","title":{"rendered":"Amaretti Morbidi di Mombaruzzo Mixte Traditionnel"},"content":{"rendered":"<p>Nel Misto Tradizione troverai i sapori pi\u00f9 tipici dell\u2019amaretto di Mombaruzzo: gli immancabili amaretti classici, pi\u00f9 quelli al gusto gianduja, al caff\u00e8, al limone e al mandarino.<\/p>\n<p><strong>MACARONS CLASSIQUES<\/strong><\/p>\n<p><strong>Ingr\u00e9dients :<\/strong>\u00a0sucre, amandes abricot 32%, blanc d'\u0153uf, amandes 4%, sirop de glucose.<\/p>\n<p><strong>MACARONS AU GIANDUJA<\/strong><\/p>\n<p><strong>Ingr\u00e9dients :<\/strong>\u00a0sucre, amandes abricot 32%, chocolat Gianduja 15% (noisettes vari\u00e9t\u00e9 Tonda Gentile Trilobata 30% min, sucre, p\u00e2te de cacao, beurre de cacao, lait en poudre, \u00e9mulsifiant : l\u00e9cithine de soja, extrait naturel de vanille), blanc d'\u0153uf, amandes 4%, sirop de glucose.<\/p>\n<p><strong>MACARONS AU CAF\u00c9<\/strong><\/p>\n<p><strong>Ingr\u00e9dients :<\/strong>\u00a0zucchero, mandorle di albicocca 32%, albume d\u2019uovo, mandorle 4%, caff\u00e8 macinato 100% arabica, sciroppo di glucosio.<\/p>\n<p><strong>MACARONS AU CITRON<\/strong><\/p>\n<p><strong>Ingr\u00e9dients :<\/strong>\u00a0zucchero, mandorle di albicocche 32%, albume d\u2019uovo, mandorle 4%, pasta di limone candita 4% (scorze di limone, zucchero, sciroppo di glucosio-fruttosio da frumento, correttore di acidit\u00e0: acido citrico \u2013 conservante: anidride solforosa), sciroppo di glucosio, olio essenziale di limone 0.3%.<\/p>\n<p><strong>MACARONS \u00c0 LA MANDARINE<\/strong><\/p>\n<p><strong>Ingr\u00e9dients :<\/strong>\u00a0zucchero, mandorle di albicocche 32%, albume d\u2019uovo, mandorle 4%, pasta di mandarino candito 4% (mandarini, zucchero, sciroppo di glucosio-fruttosio da frumento, correttore di acidit\u00e0: acido citrico \u2013 conservante: anidride solforosa), sciroppo di glucosio, olio essenziale di mandarino 0,3%.<\/p>\n<p><strong><em>Conservateur :<\/em><\/strong><em>\u00a0sorbate de potassium.<\/em><br \/>\n<em>Contient\u00a0<strong>sulfites\u00a0<\/strong>et des traces d'autres\u00a0<strong>des noix.<\/strong><\/em><\/p>\n<p>NATURELLEMENT SANS GLUTEN<\/p>\n<p>SANS AGENTS LEVANTS<\/p>","protected":false},"excerpt":{"rendered":"<p>Lorem ipsum dolor sit amet, consectetur adipiscing elit, sed do eiusmod tempor incididunt ut labore et dolore magna aliqua. Ut enim ad minim veniam, quis nostrud exercitation ullamco laboris nisi ut aliquip ex ea commodo consequat. Duis aute irure dolor in reprehenderit in voluptate velit esse cillum dolore eu fugiat nulla pariatur. Excepteur sint occaecat cupidatat non proident, sunt in culpa qui officia deserunt mollit anim id est laborum.<\/p>","protected":false},"featured_media":1460,"comment_status":"open","ping_status":"closed","template":"","meta":[],"product_brand":[],"product_cat":[24],"product_tag":[25],"class_list":{"0":"post-1478","1":"product","2":"type-product","3":"status-publish","4":"has-post-thumbnail","6":"product_cat-amaretti-morbidi","7":"product_tag-amaretti-morbidi","9":"first","10":"instock","11":"taxable","12":"shipping-taxable","13":"purchasable","14":"product-type-variable","15":"has-default-attributes"},"yoast_head":"<!-- This site is optimized with the Yoast SEO plugin v27.4 - https:\/\/yoast.com\/product\/yoast-seo-wordpress\/ -->\n<title>Amaretti Morbidi di Mombaruzzo Misto Tradizionale - Cavalier Vicenzi<\/title>\n<meta name=\"description\" content=\"Nel Misto Tradizione troverai i sapori pi\u00f9 tipici dell\u2019amaretto di Mombaruzzo: i classici, quelli al gusto gianduja, al caff\u00e8, al limone e al mandarino.\" \/>\n<meta name=\"robots\" content=\"index, follow, max-snippet:-1, max-image-preview:large, max-video-preview:-1\" \/>\n<link rel=\"canonical\" href=\"https:\/\/cavaliervicenzi.com\/fr\/produit\/amaretti-morbidi-di-mombaruzzo-misto-tradizionale\/\" \/>\n<meta property=\"og:locale\" content=\"fr_FR\" \/>\n<meta property=\"og:type\" content=\"article\" \/>\n<meta property=\"og:title\" content=\"Amaretti Morbidi di Mombaruzzo Misto Tradizionale - Cavalier Vicenzi\" \/>\n<meta property=\"og:description\" content=\"Nel Misto Tradizione troverai i sapori pi\u00f9 tipici dell\u2019amaretto di Mombaruzzo: i classici, quelli al gusto gianduja, al caff\u00e8, al limone e al mandarino.\" \/>\n<meta property=\"og:url\" content=\"https:\/\/cavaliervicenzi.com\/fr\/produit\/amaretti-morbidi-di-mombaruzzo-misto-tradizionale\/\" \/>\n<meta property=\"og:site_name\" content=\"Cavalier Vicenzi\" \/>\n<meta property=\"article:modified_time\" content=\"2026-04-09T14:08:28+00:00\" \/>\n<meta property=\"og:image\" content=\"https:\/\/cavaliervicenzi.com\/wp-content\/uploads\/2025\/09\/Mistotradizionaletutti-e1757500244657.jpg\" \/>\n\t<meta property=\"og:image:width\" content=\"1325\" \/>\n\t<meta property=\"og:image:height\" content=\"1325\" \/>\n\t<meta property=\"og:image:type\" content=\"image\/jpeg\" \/>\n<meta name=\"twitter:card\" content=\"summary_large_image\" \/>\n<meta name=\"twitter:label1\" content=\"Dur\u00e9e de lecture estim\u00e9e\" \/>\n\t<meta name=\"twitter:data1\" content=\"2 minutes\" \/>\n<script type=\"application\/ld+json\" class=\"yoast-schema-graph\">{\"@context\":\"https:\\\/\\\/schema.org\",\"@graph\":[{\"@type\":\"WebPage\",\"@id\":\"https:\\\/\\\/cavaliervicenzi.com\\\/prodotto\\\/amaretti-morbidi-di-mombaruzzo-misto-tradizionale\\\/\",\"url\":\"https:\\\/\\\/cavaliervicenzi.com\\\/prodotto\\\/amaretti-morbidi-di-mombaruzzo-misto-tradizionale\\\/\",\"name\":\"Amaretti Morbidi di Mombaruzzo Misto Tradizionale - Cavalier Vicenzi\",\"isPartOf\":{\"@id\":\"https:\\\/\\\/cavaliervicenzi.com\\\/#website\"},\"primaryImageOfPage\":{\"@id\":\"https:\\\/\\\/cavaliervicenzi.com\\\/prodotto\\\/amaretti-morbidi-di-mombaruzzo-misto-tradizionale\\\/#primaryimage\"},\"image\":{\"@id\":\"https:\\\/\\\/cavaliervicenzi.com\\\/prodotto\\\/amaretti-morbidi-di-mombaruzzo-misto-tradizionale\\\/#primaryimage\"},\"thumbnailUrl\":\"https:\\\/\\\/cavaliervicenzi.com\\\/wp-content\\\/uploads\\\/2025\\\/09\\\/Mistotradizionaletutti-e1757500244657.jpg\",\"datePublished\":\"2025-09-10T10:28:40+00:00\",\"dateModified\":\"2026-04-09T14:08:28+00:00\",\"description\":\"Nel Misto Tradizione troverai i sapori pi\u00f9 tipici dell\u2019amaretto di Mombaruzzo: i classici, quelli al gusto gianduja, al caff\u00e8, al limone e al mandarino.\",\"breadcrumb\":{\"@id\":\"https:\\\/\\\/cavaliervicenzi.com\\\/prodotto\\\/amaretti-morbidi-di-mombaruzzo-misto-tradizionale\\\/#breadcrumb\"},\"inLanguage\":\"fr-FR\",\"potentialAction\":[{\"@type\":\"ReadAction\",\"target\":[\"https:\\\/\\\/cavaliervicenzi.com\\\/prodotto\\\/amaretti-morbidi-di-mombaruzzo-misto-tradizionale\\\/\"]}]},{\"@type\":\"ImageObject\",\"inLanguage\":\"fr-FR\",\"@id\":\"https:\\\/\\\/cavaliervicenzi.com\\\/prodotto\\\/amaretti-morbidi-di-mombaruzzo-misto-tradizionale\\\/#primaryimage\",\"url\":\"https:\\\/\\\/cavaliervicenzi.com\\\/wp-content\\\/uploads\\\/2025\\\/09\\\/Mistotradizionaletutti-e1757500244657.jpg\",\"contentUrl\":\"https:\\\/\\\/cavaliervicenzi.com\\\/wp-content\\\/uploads\\\/2025\\\/09\\\/Mistotradizionaletutti-e1757500244657.jpg\",\"width\":1325,\"height\":1325},{\"@type\":\"BreadcrumbList\",\"@id\":\"https:\\\/\\\/cavaliervicenzi.com\\\/prodotto\\\/amaretti-morbidi-di-mombaruzzo-misto-tradizionale\\\/#breadcrumb\",\"itemListElement\":[{\"@type\":\"ListItem\",\"position\":1,\"name\":\"Home\",\"item\":\"https:\\\/\\\/cavaliervicenzi.com\\\/\"},{\"@type\":\"ListItem\",\"position\":2,\"name\":\"Negozio\",\"item\":\"https:\\\/\\\/cavaliervicenzi.com\\\/?page_id=1286\"},{\"@type\":\"ListItem\",\"position\":3,\"name\":\"Amaretti Morbidi di Mombaruzzo Misto Tradizionale\"}]},{\"@type\":\"WebSite\",\"@id\":\"https:\\\/\\\/cavaliervicenzi.com\\\/#website\",\"url\":\"https:\\\/\\\/cavaliervicenzi.com\\\/\",\"name\":\"Cavalier Vicenzi\",\"description\":\"Amaretti Morbidi di Mombaruzzo\",\"publisher\":{\"@id\":\"https:\\\/\\\/cavaliervicenzi.com\\\/#organization\"},\"potentialAction\":[{\"@type\":\"SearchAction\",\"target\":{\"@type\":\"EntryPoint\",\"urlTemplate\":\"https:\\\/\\\/cavaliervicenzi.com\\\/?s={search_term_string}\"},\"query-input\":{\"@type\":\"PropertyValueSpecification\",\"valueRequired\":true,\"valueName\":\"search_term_string\"}}],\"inLanguage\":\"fr-FR\"},{\"@type\":\"Organization\",\"@id\":\"https:\\\/\\\/cavaliervicenzi.com\\\/#organization\",\"name\":\"Cavalier Vicenzi\",\"url\":\"https:\\\/\\\/cavaliervicenzi.com\\\/\",\"logo\":{\"@type\":\"ImageObject\",\"inLanguage\":\"fr-FR\",\"@id\":\"https:\\\/\\\/cavaliervicenzi.com\\\/#\\\/schema\\\/logo\\\/image\\\/\",\"url\":\"https:\\\/\\\/cavaliervicenzi.com\\\/wp-content\\\/uploads\\\/2025\\\/07\\\/logo-vicenzi.png\",\"contentUrl\":\"https:\\\/\\\/cavaliervicenzi.com\\\/wp-content\\\/uploads\\\/2025\\\/07\\\/logo-vicenzi.png\",\"width\":209,\"height\":149,\"caption\":\"Cavalier Vicenzi\"},\"image\":{\"@id\":\"https:\\\/\\\/cavaliervicenzi.com\\\/#\\\/schema\\\/logo\\\/image\\\/\"}}]}<\/script>\n<!-- \/ Yoast SEO plugin. -->","yoast_head_json":{"title":"Amaretti Morbidi di Mombaruzzo Misto Tradizionale - Cavalier Vicenzi","description":"Nel Misto Tradizione troverai i sapori pi\u00f9 tipici dell\u2019amaretto di Mombaruzzo: i classici, quelli al gusto gianduja, al caff\u00e8, al limone e al mandarino.","robots":{"index":"index","follow":"follow","max-snippet":"max-snippet:-1","max-image-preview":"max-image-preview:large","max-video-preview":"max-video-preview:-1"},"canonical":"https:\/\/cavaliervicenzi.com\/fr\/produit\/amaretti-morbidi-di-mombaruzzo-misto-tradizionale\/","og_locale":"fr_FR","og_type":"article","og_title":"Amaretti Morbidi di Mombaruzzo Misto Tradizionale - Cavalier Vicenzi","og_description":"Nel Misto Tradizione troverai i sapori pi\u00f9 tipici dell\u2019amaretto di Mombaruzzo: i classici, quelli al gusto gianduja, al caff\u00e8, al limone e al mandarino.","og_url":"https:\/\/cavaliervicenzi.com\/fr\/produit\/amaretti-morbidi-di-mombaruzzo-misto-tradizionale\/","og_site_name":"Cavalier Vicenzi","article_modified_time":"2026-04-09T14:08:28+00:00","og_image":[{"width":1325,"height":1325,"url":"https:\/\/cavaliervicenzi.com\/wp-content\/uploads\/2025\/09\/Mistotradizionaletutti-e1757500244657.jpg","type":"image\/jpeg"}],"twitter_card":"summary_large_image","twitter_misc":{"Dur\u00e9e de lecture estim\u00e9e":"2 minutes"},"schema":{"@context":"https:\/\/schema.org","@graph":[{"@type":"WebPage","@id":"https:\/\/cavaliervicenzi.com\/prodotto\/amaretti-morbidi-di-mombaruzzo-misto-tradizionale\/","url":"https:\/\/cavaliervicenzi.com\/prodotto\/amaretti-morbidi-di-mombaruzzo-misto-tradizionale\/","name":"Amaretti Morbidi di Mombaruzzo Misto Tradizionale - Cavalier Vicenzi","isPartOf":{"@id":"https:\/\/cavaliervicenzi.com\/#website"},"primaryImageOfPage":{"@id":"https:\/\/cavaliervicenzi.com\/prodotto\/amaretti-morbidi-di-mombaruzzo-misto-tradizionale\/#primaryimage"},"image":{"@id":"https:\/\/cavaliervicenzi.com\/prodotto\/amaretti-morbidi-di-mombaruzzo-misto-tradizionale\/#primaryimage"},"thumbnailUrl":"https:\/\/cavaliervicenzi.com\/wp-content\/uploads\/2025\/09\/Mistotradizionaletutti-e1757500244657.jpg","datePublished":"2025-09-10T10:28:40+00:00","dateModified":"2026-04-09T14:08:28+00:00","description":"Nel Misto Tradizione troverai i sapori pi\u00f9 tipici dell\u2019amaretto di Mombaruzzo: i classici, quelli al gusto gianduja, al caff\u00e8, al limone e al mandarino.","breadcrumb":{"@id":"https:\/\/cavaliervicenzi.com\/prodotto\/amaretti-morbidi-di-mombaruzzo-misto-tradizionale\/#breadcrumb"},"inLanguage":"fr-FR","potentialAction":[{"@type":"ReadAction","target":["https:\/\/cavaliervicenzi.com\/prodotto\/amaretti-morbidi-di-mombaruzzo-misto-tradizionale\/"]}]},{"@type":"ImageObject","inLanguage":"fr-FR","@id":"https:\/\/cavaliervicenzi.com\/prodotto\/amaretti-morbidi-di-mombaruzzo-misto-tradizionale\/#primaryimage","url":"https:\/\/cavaliervicenzi.com\/wp-content\/uploads\/2025\/09\/Mistotradizionaletutti-e1757500244657.jpg","contentUrl":"https:\/\/cavaliervicenzi.com\/wp-content\/uploads\/2025\/09\/Mistotradizionaletutti-e1757500244657.jpg","width":1325,"height":1325},{"@type":"BreadcrumbList","@id":"https:\/\/cavaliervicenzi.com\/prodotto\/amaretti-morbidi-di-mombaruzzo-misto-tradizionale\/#breadcrumb","itemListElement":[{"@type":"ListItem","position":1,"name":"Home","item":"https:\/\/cavaliervicenzi.com\/"},{"@type":"ListItem","position":2,"name":"Negozio","item":"https:\/\/cavaliervicenzi.com\/?page_id=1286"},{"@type":"ListItem","position":3,"name":"Amaretti Morbidi di Mombaruzzo Misto Tradizionale"}]},{"@type":"WebSite","@id":"https:\/\/cavaliervicenzi.com\/#website","url":"https:\/\/cavaliervicenzi.com\/","name":"Cavalier Vicenzi","description":"Amaretti Morbidi di Mombaruzzo","publisher":{"@id":"https:\/\/cavaliervicenzi.com\/#organization"},"potentialAction":[{"@type":"SearchAction","target":{"@type":"EntryPoint","urlTemplate":"https:\/\/cavaliervicenzi.com\/?s={search_term_string}"},"query-input":{"@type":"PropertyValueSpecification","valueRequired":true,"valueName":"search_term_string"}}],"inLanguage":"fr-FR"},{"@type":"Organization","@id":"https:\/\/cavaliervicenzi.com\/#organization","name":"Cavalier Vicenzi","url":"https:\/\/cavaliervicenzi.com\/","logo":{"@type":"ImageObject","inLanguage":"fr-FR","@id":"https:\/\/cavaliervicenzi.com\/#\/schema\/logo\/image\/","url":"https:\/\/cavaliervicenzi.com\/wp-content\/uploads\/2025\/07\/logo-vicenzi.png","contentUrl":"https:\/\/cavaliervicenzi.com\/wp-content\/uploads\/2025\/07\/logo-vicenzi.png","width":209,"height":149,"caption":"Cavalier Vicenzi"},"image":{"@id":"https:\/\/cavaliervicenzi.com\/#\/schema\/logo\/image\/"}}]}},"jetpack_sharing_enabled":true,"_links":{"self":[{"href":"https:\/\/cavaliervicenzi.com\/fr\/wp-json\/wp\/v2\/product\/1478","targetHints":{"allow":["GET"]}}],"collection":[{"href":"https:\/\/cavaliervicenzi.com\/fr\/wp-json\/wp\/v2\/product"}],"about":[{"href":"https:\/\/cavaliervicenzi.com\/fr\/wp-json\/wp\/v2\/types\/product"}],"replies":[{"embeddable":true,"href":"https:\/\/cavaliervicenzi.com\/fr\/wp-json\/wp\/v2\/comments?post=1478"}],"wp:featuredmedia":[{"embeddable":true,"href":"https:\/\/cavaliervicenzi.com\/fr\/wp-json\/wp\/v2\/media\/1460"}],"wp:attachment":[{"href":"https:\/\/cavaliervicenzi.com\/fr\/wp-json\/wp\/v2\/media?parent=1478"}],"wp:term":[{"taxonomy":"product_brand","embeddable":true,"href":"https:\/\/cavaliervicenzi.com\/fr\/wp-json\/wp\/v2\/product_brand?post=1478"},{"taxonomy":"product_cat","embeddable":true,"href":"https:\/\/cavaliervicenzi.com\/fr\/wp-json\/wp\/v2\/product_cat?post=1478"},{"taxonomy":"product_tag","embeddable":true,"href":"https:\/\/cavaliervicenzi.com\/fr\/wp-json\/wp\/v2\/product_tag?post=1478"}],"curies":[{"name":"wp","href":"https:\/\/api.w.org\/{rel}","templated":true}]}}