{"id":1486,"date":"2025-09-10T10:38:03","date_gmt":"2025-09-10T10:38:03","guid":{"rendered":"https:\/\/temp.demetradesign.it\/cav\/?post_type=product&#038;p=1486"},"modified":"2026-04-09T14:06:23","modified_gmt":"2026-04-09T14:06:23","slug":"amaretti-morbidi-di-mombaruzzo-al-giuanduja","status":"publish","type":"product","link":"https:\/\/cavaliervicenzi.com\/fr\/produit\/amaretti-morbidi-di-mombaruzzo-al-giuanduja\/","title":{"rendered":"Amaretti di Mombaruzzo moelleux au Gianduja"},"content":{"rendered":"<p>L'amaretto doux classique de Mombaruzzo rencontre la tradition et l'excellence pi\u00e9montaises en ajoutant aux ingr\u00e9dients classiques le gianduja, le chocolat typique de Turin. Un r\u00e9sultat d\u00e9licieux !<\/p>\n<p>Produits de confiserie cuits au four<\/p>\n<p><strong>Ingr\u00e9dients :<\/strong> sucre, amandes abricot 32%, chocolat Gianduja 15% (Sucre, p\u00e2te de noisettes, beurre de cacao, p\u00e2te de cacao. \u00c9mulsifiant : l\u00e9cithine de soja. Ar\u00f4me naturel (vanille), blanc d'\u0153uf, amandes 4%, sirop de glucose. Conservateur : sorbate de potassium.<br \/>\nContient des sulfites.<\/p>\n<p>Peut contenir des traces de lactose et de prot\u00e9ines de lait.<\/p>\n<p>NATURELLEMENT SANS GLUTEN<\/p>\n<p>SANS AGENTS LEVANTS<\/p>\n<p>&nbsp;<\/p>\n<p>&nbsp;<\/p>\n<p>&nbsp;<\/p>","protected":false},"excerpt":{"rendered":"<p>Lorem ipsum dolor sit amet, consectetur adipiscing elit, sed do eiusmod tempor incididunt ut labore et dolore magna aliqua. Ut enim ad minim veniam, quis nostrud exercitation ullamco laboris nisi ut aliquip ex ea commodo consequat. Duis aute irure dolor in reprehenderit in voluptate velit esse cillum dolore eu fugiat nulla pariatur. Excepteur sint occaecat cupidatat non proident, sunt in culpa qui officia deserunt mollit anim id est laborum.<\/p>","protected":false},"featured_media":1455,"comment_status":"open","ping_status":"closed","template":"","meta":[],"product_brand":[],"product_cat":[24],"product_tag":[25],"class_list":{"0":"post-1486","1":"product","2":"type-product","3":"status-publish","4":"has-post-thumbnail","6":"product_cat-amaretti-morbidi","7":"product_tag-amaretti-morbidi","9":"first","10":"instock","11":"taxable","12":"shipping-taxable","13":"purchasable","14":"product-type-variable","15":"has-default-attributes"},"yoast_head":"<!-- This site is optimized with the Yoast SEO plugin v27.4 - https:\/\/yoast.com\/product\/yoast-seo-wordpress\/ -->\n<title>Amaretti Morbidi di Mombaruzzo al Gianduja - Cavalier Vicenzi<\/title>\n<meta name=\"description\" content=\"L&#039;amaretto incontra la tradizione e l\u2019eccellenza piemontese, aggiungendo ai classici ingredienti il gianduja, il tipico cioccolatino di Torino.\" \/>\n<meta name=\"robots\" content=\"index, follow, max-snippet:-1, max-image-preview:large, max-video-preview:-1\" \/>\n<link rel=\"canonical\" href=\"https:\/\/cavaliervicenzi.com\/fr\/produit\/amaretti-morbidi-di-mombaruzzo-al-giuanduja\/\" \/>\n<meta property=\"og:locale\" content=\"fr_FR\" \/>\n<meta property=\"og:type\" content=\"article\" \/>\n<meta property=\"og:title\" content=\"Amaretti Morbidi di Mombaruzzo al Gianduja - Cavalier Vicenzi\" \/>\n<meta property=\"og:description\" content=\"L&#039;amaretto incontra la tradizione e l\u2019eccellenza piemontese, aggiungendo ai classici ingredienti il gianduja, il tipico cioccolatino di Torino.\" \/>\n<meta property=\"og:url\" content=\"https:\/\/cavaliervicenzi.com\/fr\/produit\/amaretti-morbidi-di-mombaruzzo-al-giuanduja\/\" \/>\n<meta property=\"og:site_name\" content=\"Cavalier Vicenzi\" \/>\n<meta property=\"article:modified_time\" content=\"2026-04-09T14:06:23+00:00\" \/>\n<meta property=\"og:image\" content=\"https:\/\/cavaliervicenzi.com\/wp-content\/uploads\/2025\/09\/Gianduja-e1757506557298.jpg\" \/>\n\t<meta property=\"og:image:width\" content=\"1325\" \/>\n\t<meta property=\"og:image:height\" content=\"1325\" \/>\n\t<meta property=\"og:image:type\" content=\"image\/jpeg\" \/>\n<meta name=\"twitter:card\" content=\"summary_large_image\" \/>\n<meta name=\"twitter:label1\" content=\"Dur\u00e9e de lecture estim\u00e9e\" \/>\n\t<meta name=\"twitter:data1\" content=\"1 minute\" \/>\n<script type=\"application\/ld+json\" class=\"yoast-schema-graph\">{\"@context\":\"https:\\\/\\\/schema.org\",\"@graph\":[{\"@type\":\"WebPage\",\"@id\":\"https:\\\/\\\/cavaliervicenzi.com\\\/prodotto\\\/amaretti-morbidi-di-mombaruzzo-al-giuanduja\\\/\",\"url\":\"https:\\\/\\\/cavaliervicenzi.com\\\/prodotto\\\/amaretti-morbidi-di-mombaruzzo-al-giuanduja\\\/\",\"name\":\"Amaretti Morbidi di Mombaruzzo al Gianduja - Cavalier Vicenzi\",\"isPartOf\":{\"@id\":\"https:\\\/\\\/cavaliervicenzi.com\\\/#website\"},\"primaryImageOfPage\":{\"@id\":\"https:\\\/\\\/cavaliervicenzi.com\\\/prodotto\\\/amaretti-morbidi-di-mombaruzzo-al-giuanduja\\\/#primaryimage\"},\"image\":{\"@id\":\"https:\\\/\\\/cavaliervicenzi.com\\\/prodotto\\\/amaretti-morbidi-di-mombaruzzo-al-giuanduja\\\/#primaryimage\"},\"thumbnailUrl\":\"https:\\\/\\\/cavaliervicenzi.com\\\/wp-content\\\/uploads\\\/2025\\\/09\\\/Gianduja-e1757506557298.jpg\",\"datePublished\":\"2025-09-10T10:38:03+00:00\",\"dateModified\":\"2026-04-09T14:06:23+00:00\",\"description\":\"L'amaretto incontra la tradizione e l\u2019eccellenza piemontese, aggiungendo ai classici ingredienti il gianduja, il tipico cioccolatino di Torino.\",\"breadcrumb\":{\"@id\":\"https:\\\/\\\/cavaliervicenzi.com\\\/prodotto\\\/amaretti-morbidi-di-mombaruzzo-al-giuanduja\\\/#breadcrumb\"},\"inLanguage\":\"fr-FR\",\"potentialAction\":[{\"@type\":\"ReadAction\",\"target\":[\"https:\\\/\\\/cavaliervicenzi.com\\\/prodotto\\\/amaretti-morbidi-di-mombaruzzo-al-giuanduja\\\/\"]}]},{\"@type\":\"ImageObject\",\"inLanguage\":\"fr-FR\",\"@id\":\"https:\\\/\\\/cavaliervicenzi.com\\\/prodotto\\\/amaretti-morbidi-di-mombaruzzo-al-giuanduja\\\/#primaryimage\",\"url\":\"https:\\\/\\\/cavaliervicenzi.com\\\/wp-content\\\/uploads\\\/2025\\\/09\\\/Gianduja-e1757506557298.jpg\",\"contentUrl\":\"https:\\\/\\\/cavaliervicenzi.com\\\/wp-content\\\/uploads\\\/2025\\\/09\\\/Gianduja-e1757506557298.jpg\",\"width\":1325,\"height\":1325},{\"@type\":\"BreadcrumbList\",\"@id\":\"https:\\\/\\\/cavaliervicenzi.com\\\/prodotto\\\/amaretti-morbidi-di-mombaruzzo-al-giuanduja\\\/#breadcrumb\",\"itemListElement\":[{\"@type\":\"ListItem\",\"position\":1,\"name\":\"Home\",\"item\":\"https:\\\/\\\/cavaliervicenzi.com\\\/\"},{\"@type\":\"ListItem\",\"position\":2,\"name\":\"Negozio\",\"item\":\"https:\\\/\\\/cavaliervicenzi.com\\\/?page_id=1286\"},{\"@type\":\"ListItem\",\"position\":3,\"name\":\"Amaretti Morbidi di Mombaruzzo al Gianduja\"}]},{\"@type\":\"WebSite\",\"@id\":\"https:\\\/\\\/cavaliervicenzi.com\\\/#website\",\"url\":\"https:\\\/\\\/cavaliervicenzi.com\\\/\",\"name\":\"Cavalier Vicenzi\",\"description\":\"Amaretti Morbidi di Mombaruzzo\",\"publisher\":{\"@id\":\"https:\\\/\\\/cavaliervicenzi.com\\\/#organization\"},\"potentialAction\":[{\"@type\":\"SearchAction\",\"target\":{\"@type\":\"EntryPoint\",\"urlTemplate\":\"https:\\\/\\\/cavaliervicenzi.com\\\/?s={search_term_string}\"},\"query-input\":{\"@type\":\"PropertyValueSpecification\",\"valueRequired\":true,\"valueName\":\"search_term_string\"}}],\"inLanguage\":\"fr-FR\"},{\"@type\":\"Organization\",\"@id\":\"https:\\\/\\\/cavaliervicenzi.com\\\/#organization\",\"name\":\"Cavalier Vicenzi\",\"url\":\"https:\\\/\\\/cavaliervicenzi.com\\\/\",\"logo\":{\"@type\":\"ImageObject\",\"inLanguage\":\"fr-FR\",\"@id\":\"https:\\\/\\\/cavaliervicenzi.com\\\/#\\\/schema\\\/logo\\\/image\\\/\",\"url\":\"https:\\\/\\\/cavaliervicenzi.com\\\/wp-content\\\/uploads\\\/2025\\\/07\\\/logo-vicenzi.png\",\"contentUrl\":\"https:\\\/\\\/cavaliervicenzi.com\\\/wp-content\\\/uploads\\\/2025\\\/07\\\/logo-vicenzi.png\",\"width\":209,\"height\":149,\"caption\":\"Cavalier Vicenzi\"},\"image\":{\"@id\":\"https:\\\/\\\/cavaliervicenzi.com\\\/#\\\/schema\\\/logo\\\/image\\\/\"}}]}<\/script>\n<!-- \/ Yoast SEO plugin. -->","yoast_head_json":{"title":"Amaretti Morbidi di Mombaruzzo al Gianduja - Cavalier Vicenzi","description":"L'amaretto incontra la tradizione e l\u2019eccellenza piemontese, aggiungendo ai classici ingredienti il gianduja, il tipico cioccolatino di Torino.","robots":{"index":"index","follow":"follow","max-snippet":"max-snippet:-1","max-image-preview":"max-image-preview:large","max-video-preview":"max-video-preview:-1"},"canonical":"https:\/\/cavaliervicenzi.com\/fr\/produit\/amaretti-morbidi-di-mombaruzzo-al-giuanduja\/","og_locale":"fr_FR","og_type":"article","og_title":"Amaretti Morbidi di Mombaruzzo al Gianduja - Cavalier Vicenzi","og_description":"L'amaretto incontra la tradizione e l\u2019eccellenza piemontese, aggiungendo ai classici ingredienti il gianduja, il tipico cioccolatino di Torino.","og_url":"https:\/\/cavaliervicenzi.com\/fr\/produit\/amaretti-morbidi-di-mombaruzzo-al-giuanduja\/","og_site_name":"Cavalier Vicenzi","article_modified_time":"2026-04-09T14:06:23+00:00","og_image":[{"width":1325,"height":1325,"url":"https:\/\/cavaliervicenzi.com\/wp-content\/uploads\/2025\/09\/Gianduja-e1757506557298.jpg","type":"image\/jpeg"}],"twitter_card":"summary_large_image","twitter_misc":{"Dur\u00e9e de lecture estim\u00e9e":"1 minute"},"schema":{"@context":"https:\/\/schema.org","@graph":[{"@type":"WebPage","@id":"https:\/\/cavaliervicenzi.com\/prodotto\/amaretti-morbidi-di-mombaruzzo-al-giuanduja\/","url":"https:\/\/cavaliervicenzi.com\/prodotto\/amaretti-morbidi-di-mombaruzzo-al-giuanduja\/","name":"Amaretti Morbidi di Mombaruzzo al Gianduja - Cavalier Vicenzi","isPartOf":{"@id":"https:\/\/cavaliervicenzi.com\/#website"},"primaryImageOfPage":{"@id":"https:\/\/cavaliervicenzi.com\/prodotto\/amaretti-morbidi-di-mombaruzzo-al-giuanduja\/#primaryimage"},"image":{"@id":"https:\/\/cavaliervicenzi.com\/prodotto\/amaretti-morbidi-di-mombaruzzo-al-giuanduja\/#primaryimage"},"thumbnailUrl":"https:\/\/cavaliervicenzi.com\/wp-content\/uploads\/2025\/09\/Gianduja-e1757506557298.jpg","datePublished":"2025-09-10T10:38:03+00:00","dateModified":"2026-04-09T14:06:23+00:00","description":"L'amaretto incontra la tradizione e l\u2019eccellenza piemontese, aggiungendo ai classici ingredienti il gianduja, il tipico cioccolatino di Torino.","breadcrumb":{"@id":"https:\/\/cavaliervicenzi.com\/prodotto\/amaretti-morbidi-di-mombaruzzo-al-giuanduja\/#breadcrumb"},"inLanguage":"fr-FR","potentialAction":[{"@type":"ReadAction","target":["https:\/\/cavaliervicenzi.com\/prodotto\/amaretti-morbidi-di-mombaruzzo-al-giuanduja\/"]}]},{"@type":"ImageObject","inLanguage":"fr-FR","@id":"https:\/\/cavaliervicenzi.com\/prodotto\/amaretti-morbidi-di-mombaruzzo-al-giuanduja\/#primaryimage","url":"https:\/\/cavaliervicenzi.com\/wp-content\/uploads\/2025\/09\/Gianduja-e1757506557298.jpg","contentUrl":"https:\/\/cavaliervicenzi.com\/wp-content\/uploads\/2025\/09\/Gianduja-e1757506557298.jpg","width":1325,"height":1325},{"@type":"BreadcrumbList","@id":"https:\/\/cavaliervicenzi.com\/prodotto\/amaretti-morbidi-di-mombaruzzo-al-giuanduja\/#breadcrumb","itemListElement":[{"@type":"ListItem","position":1,"name":"Home","item":"https:\/\/cavaliervicenzi.com\/"},{"@type":"ListItem","position":2,"name":"Negozio","item":"https:\/\/cavaliervicenzi.com\/?page_id=1286"},{"@type":"ListItem","position":3,"name":"Amaretti Morbidi di Mombaruzzo al Gianduja"}]},{"@type":"WebSite","@id":"https:\/\/cavaliervicenzi.com\/#website","url":"https:\/\/cavaliervicenzi.com\/","name":"Cavalier Vicenzi","description":"Amaretti Morbidi di Mombaruzzo","publisher":{"@id":"https:\/\/cavaliervicenzi.com\/#organization"},"potentialAction":[{"@type":"SearchAction","target":{"@type":"EntryPoint","urlTemplate":"https:\/\/cavaliervicenzi.com\/?s={search_term_string}"},"query-input":{"@type":"PropertyValueSpecification","valueRequired":true,"valueName":"search_term_string"}}],"inLanguage":"fr-FR"},{"@type":"Organization","@id":"https:\/\/cavaliervicenzi.com\/#organization","name":"Cavalier Vicenzi","url":"https:\/\/cavaliervicenzi.com\/","logo":{"@type":"ImageObject","inLanguage":"fr-FR","@id":"https:\/\/cavaliervicenzi.com\/#\/schema\/logo\/image\/","url":"https:\/\/cavaliervicenzi.com\/wp-content\/uploads\/2025\/07\/logo-vicenzi.png","contentUrl":"https:\/\/cavaliervicenzi.com\/wp-content\/uploads\/2025\/07\/logo-vicenzi.png","width":209,"height":149,"caption":"Cavalier Vicenzi"},"image":{"@id":"https:\/\/cavaliervicenzi.com\/#\/schema\/logo\/image\/"}}]}},"jetpack_sharing_enabled":true,"_links":{"self":[{"href":"https:\/\/cavaliervicenzi.com\/fr\/wp-json\/wp\/v2\/product\/1486","targetHints":{"allow":["GET"]}}],"collection":[{"href":"https:\/\/cavaliervicenzi.com\/fr\/wp-json\/wp\/v2\/product"}],"about":[{"href":"https:\/\/cavaliervicenzi.com\/fr\/wp-json\/wp\/v2\/types\/product"}],"replies":[{"embeddable":true,"href":"https:\/\/cavaliervicenzi.com\/fr\/wp-json\/wp\/v2\/comments?post=1486"}],"wp:featuredmedia":[{"embeddable":true,"href":"https:\/\/cavaliervicenzi.com\/fr\/wp-json\/wp\/v2\/media\/1455"}],"wp:attachment":[{"href":"https:\/\/cavaliervicenzi.com\/fr\/wp-json\/wp\/v2\/media?parent=1486"}],"wp:term":[{"taxonomy":"product_brand","embeddable":true,"href":"https:\/\/cavaliervicenzi.com\/fr\/wp-json\/wp\/v2\/product_brand?post=1486"},{"taxonomy":"product_cat","embeddable":true,"href":"https:\/\/cavaliervicenzi.com\/fr\/wp-json\/wp\/v2\/product_cat?post=1486"},{"taxonomy":"product_tag","embeddable":true,"href":"https:\/\/cavaliervicenzi.com\/fr\/wp-json\/wp\/v2\/product_tag?post=1486"}],"curies":[{"name":"wp","href":"https:\/\/api.w.org\/{rel}","templated":true}]}}