{"id":1510,"date":"2025-09-10T12:29:05","date_gmt":"2025-09-10T12:29:05","guid":{"rendered":"https:\/\/temp.demetradesign.it\/cav\/?post_type=product&#038;p=1510"},"modified":"2026-04-16T10:04:09","modified_gmt":"2026-04-16T10:04:09","slug":"amaretti-morbidi-di-mombaruzzo-classici-2","status":"publish","type":"product","link":"https:\/\/cavaliervicenzi.com\/fr\/produit\/amaretti-morbidi-di-mombaruzzo-classici-2\/","title":{"rendered":"Amaretti Morbidi di Mombaruzzo Classici"},"content":{"rendered":"<p>Le macaron moelleux classique de Mombaruzzo porte en lui toute la saveur de la tradition : doux \u00e0 la premi\u00e8re bouch\u00e9e, il restitue ensuite son arri\u00e8re-go\u00fbt amer caract\u00e9ristique, gr\u00e2ce \u00e0 l'\u00e9quilibre savant entre le sucre et le sucre. <strong>amande<\/strong>.<\/p>\n<p>\u00c9galement disponible en version v\u00e9g\u00e9talienne, sans blanc d'\u0153uf.<\/p>\n<p><strong>Ingr\u00e9dients :<\/strong> sucre, abricot amandes 32%, blanc d'\u0153uf, amandes 4%, sirop de glucose. Conservateur : sorbate de potassium. Contient des sulfites et des traces d'autres fruits \u00e0 coque.<\/p>\n<p>NATURELLEMENT SANS GLUTEN<\/p>\n<p>SANS AGENTS LEVANTS<\/p>\n<p>&nbsp;<\/p>\n<p>&nbsp;<\/p>","protected":false},"excerpt":{"rendered":"<p>Lorem ipsum dolor sit amet, consectetur adipiscing elit, sed do eiusmod tempor incididunt ut labore et dolore magna aliqua. Ut enim ad minim veniam, quis nostrud exercitation ullamco laboris nisi ut aliquip ex ea commodo consequat. Duis aute irure dolor in reprehenderit in voluptate velit esse cillum dolore eu fugiat nulla pariatur. Excepteur sint occaecat cupidatat non proident, sunt in culpa qui officia deserunt mollit anim id est laborum.<\/p>","protected":false},"featured_media":1453,"comment_status":"open","ping_status":"closed","template":"","meta":[],"product_brand":[],"product_cat":[24],"product_tag":[25],"class_list":{"0":"post-1510","1":"product","2":"type-product","3":"status-publish","4":"has-post-thumbnail","6":"product_cat-amaretti-morbidi","7":"product_tag-amaretti-morbidi","9":"first","10":"instock","11":"taxable","12":"shipping-taxable","13":"purchasable","14":"product-type-variable","15":"has-default-attributes"},"yoast_head":"<!-- This site is optimized with the Yoast SEO plugin v27.4 - https:\/\/yoast.com\/product\/yoast-seo-wordpress\/ -->\n<title>Amaretti Morbidi di Mombaruzzo Classici - Cavalier Vicenzi<\/title>\n<meta name=\"description\" content=\"Il classico amaretto morbido di Mombaruzzo ha in s\u00e9 tutto il sapore della tradizione della pasticceria piemontese. Senza Glutine.\" \/>\n<meta name=\"robots\" content=\"index, follow, max-snippet:-1, max-image-preview:large, max-video-preview:-1\" \/>\n<link rel=\"canonical\" href=\"https:\/\/cavaliervicenzi.com\/fr\/produit\/amaretti-morbidi-di-mombaruzzo-classici-2\/\" \/>\n<meta property=\"og:locale\" content=\"fr_FR\" \/>\n<meta property=\"og:type\" content=\"article\" \/>\n<meta property=\"og:title\" content=\"Amaretti Morbidi di Mombaruzzo Classici - Cavalier Vicenzi\" \/>\n<meta property=\"og:description\" content=\"Il classico amaretto morbido di Mombaruzzo ha in s\u00e9 tutto il sapore della tradizione della pasticceria piemontese. Senza Glutine.\" \/>\n<meta property=\"og:url\" content=\"https:\/\/cavaliervicenzi.com\/fr\/produit\/amaretti-morbidi-di-mombaruzzo-classici-2\/\" \/>\n<meta property=\"og:site_name\" content=\"Cavalier Vicenzi\" \/>\n<meta property=\"article:modified_time\" content=\"2026-04-16T10:04:09+00:00\" \/>\n<meta property=\"og:image\" content=\"https:\/\/cavaliervicenzi.com\/wp-content\/uploads\/2025\/09\/Classico-1-e1757506587681.jpg\" \/>\n\t<meta property=\"og:image:width\" content=\"1325\" \/>\n\t<meta property=\"og:image:height\" content=\"1325\" \/>\n\t<meta property=\"og:image:type\" content=\"image\/jpeg\" \/>\n<meta name=\"twitter:card\" content=\"summary_large_image\" \/>\n<meta name=\"twitter:label1\" content=\"Dur\u00e9e de lecture estim\u00e9e\" \/>\n\t<meta name=\"twitter:data1\" content=\"1 minute\" \/>\n<script type=\"application\/ld+json\" class=\"yoast-schema-graph\">{\"@context\":\"https:\\\/\\\/schema.org\",\"@graph\":[{\"@type\":\"WebPage\",\"@id\":\"https:\\\/\\\/cavaliervicenzi.com\\\/prodotto\\\/amaretti-morbidi-di-mombaruzzo-classici-2\\\/\",\"url\":\"https:\\\/\\\/cavaliervicenzi.com\\\/prodotto\\\/amaretti-morbidi-di-mombaruzzo-classici-2\\\/\",\"name\":\"Amaretti Morbidi di Mombaruzzo Classici - Cavalier Vicenzi\",\"isPartOf\":{\"@id\":\"https:\\\/\\\/cavaliervicenzi.com\\\/#website\"},\"primaryImageOfPage\":{\"@id\":\"https:\\\/\\\/cavaliervicenzi.com\\\/prodotto\\\/amaretti-morbidi-di-mombaruzzo-classici-2\\\/#primaryimage\"},\"image\":{\"@id\":\"https:\\\/\\\/cavaliervicenzi.com\\\/prodotto\\\/amaretti-morbidi-di-mombaruzzo-classici-2\\\/#primaryimage\"},\"thumbnailUrl\":\"https:\\\/\\\/cavaliervicenzi.com\\\/wp-content\\\/uploads\\\/2025\\\/09\\\/Classico-1-e1757506587681.jpg\",\"datePublished\":\"2025-09-10T12:29:05+00:00\",\"dateModified\":\"2026-04-16T10:04:09+00:00\",\"description\":\"Il classico amaretto morbido di Mombaruzzo ha in s\u00e9 tutto il sapore della tradizione della pasticceria piemontese. Senza Glutine.\",\"breadcrumb\":{\"@id\":\"https:\\\/\\\/cavaliervicenzi.com\\\/prodotto\\\/amaretti-morbidi-di-mombaruzzo-classici-2\\\/#breadcrumb\"},\"inLanguage\":\"fr-FR\",\"potentialAction\":[{\"@type\":\"ReadAction\",\"target\":[\"https:\\\/\\\/cavaliervicenzi.com\\\/prodotto\\\/amaretti-morbidi-di-mombaruzzo-classici-2\\\/\"]}]},{\"@type\":\"ImageObject\",\"inLanguage\":\"fr-FR\",\"@id\":\"https:\\\/\\\/cavaliervicenzi.com\\\/prodotto\\\/amaretti-morbidi-di-mombaruzzo-classici-2\\\/#primaryimage\",\"url\":\"https:\\\/\\\/cavaliervicenzi.com\\\/wp-content\\\/uploads\\\/2025\\\/09\\\/Classico-1-e1757506587681.jpg\",\"contentUrl\":\"https:\\\/\\\/cavaliervicenzi.com\\\/wp-content\\\/uploads\\\/2025\\\/09\\\/Classico-1-e1757506587681.jpg\",\"width\":1325,\"height\":1325},{\"@type\":\"BreadcrumbList\",\"@id\":\"https:\\\/\\\/cavaliervicenzi.com\\\/prodotto\\\/amaretti-morbidi-di-mombaruzzo-classici-2\\\/#breadcrumb\",\"itemListElement\":[{\"@type\":\"ListItem\",\"position\":1,\"name\":\"Home\",\"item\":\"https:\\\/\\\/cavaliervicenzi.com\\\/\"},{\"@type\":\"ListItem\",\"position\":2,\"name\":\"Negozio\",\"item\":\"https:\\\/\\\/cavaliervicenzi.com\\\/?page_id=1286\"},{\"@type\":\"ListItem\",\"position\":3,\"name\":\"Amaretti Morbidi di Mombaruzzo Classici\"}]},{\"@type\":\"WebSite\",\"@id\":\"https:\\\/\\\/cavaliervicenzi.com\\\/#website\",\"url\":\"https:\\\/\\\/cavaliervicenzi.com\\\/\",\"name\":\"Cavalier Vicenzi\",\"description\":\"Amaretti Morbidi di Mombaruzzo\",\"publisher\":{\"@id\":\"https:\\\/\\\/cavaliervicenzi.com\\\/#organization\"},\"potentialAction\":[{\"@type\":\"SearchAction\",\"target\":{\"@type\":\"EntryPoint\",\"urlTemplate\":\"https:\\\/\\\/cavaliervicenzi.com\\\/?s={search_term_string}\"},\"query-input\":{\"@type\":\"PropertyValueSpecification\",\"valueRequired\":true,\"valueName\":\"search_term_string\"}}],\"inLanguage\":\"fr-FR\"},{\"@type\":\"Organization\",\"@id\":\"https:\\\/\\\/cavaliervicenzi.com\\\/#organization\",\"name\":\"Cavalier Vicenzi\",\"url\":\"https:\\\/\\\/cavaliervicenzi.com\\\/\",\"logo\":{\"@type\":\"ImageObject\",\"inLanguage\":\"fr-FR\",\"@id\":\"https:\\\/\\\/cavaliervicenzi.com\\\/#\\\/schema\\\/logo\\\/image\\\/\",\"url\":\"https:\\\/\\\/cavaliervicenzi.com\\\/wp-content\\\/uploads\\\/2025\\\/07\\\/logo-vicenzi.png\",\"contentUrl\":\"https:\\\/\\\/cavaliervicenzi.com\\\/wp-content\\\/uploads\\\/2025\\\/07\\\/logo-vicenzi.png\",\"width\":209,\"height\":149,\"caption\":\"Cavalier Vicenzi\"},\"image\":{\"@id\":\"https:\\\/\\\/cavaliervicenzi.com\\\/#\\\/schema\\\/logo\\\/image\\\/\"}}]}<\/script>\n<!-- \/ Yoast SEO plugin. -->","yoast_head_json":{"title":"Amaretti Morbidi di Mombaruzzo Classici - Cavalier Vicenzi","description":"Il classico amaretto morbido di Mombaruzzo ha in s\u00e9 tutto il sapore della tradizione della pasticceria piemontese. Senza Glutine.","robots":{"index":"index","follow":"follow","max-snippet":"max-snippet:-1","max-image-preview":"max-image-preview:large","max-video-preview":"max-video-preview:-1"},"canonical":"https:\/\/cavaliervicenzi.com\/fr\/produit\/amaretti-morbidi-di-mombaruzzo-classici-2\/","og_locale":"fr_FR","og_type":"article","og_title":"Amaretti Morbidi di Mombaruzzo Classici - Cavalier Vicenzi","og_description":"Il classico amaretto morbido di Mombaruzzo ha in s\u00e9 tutto il sapore della tradizione della pasticceria piemontese. Senza Glutine.","og_url":"https:\/\/cavaliervicenzi.com\/fr\/produit\/amaretti-morbidi-di-mombaruzzo-classici-2\/","og_site_name":"Cavalier Vicenzi","article_modified_time":"2026-04-16T10:04:09+00:00","og_image":[{"width":1325,"height":1325,"url":"https:\/\/cavaliervicenzi.com\/wp-content\/uploads\/2025\/09\/Classico-1-e1757506587681.jpg","type":"image\/jpeg"}],"twitter_card":"summary_large_image","twitter_misc":{"Dur\u00e9e de lecture estim\u00e9e":"1 minute"},"schema":{"@context":"https:\/\/schema.org","@graph":[{"@type":"WebPage","@id":"https:\/\/cavaliervicenzi.com\/prodotto\/amaretti-morbidi-di-mombaruzzo-classici-2\/","url":"https:\/\/cavaliervicenzi.com\/prodotto\/amaretti-morbidi-di-mombaruzzo-classici-2\/","name":"Amaretti Morbidi di Mombaruzzo Classici - Cavalier Vicenzi","isPartOf":{"@id":"https:\/\/cavaliervicenzi.com\/#website"},"primaryImageOfPage":{"@id":"https:\/\/cavaliervicenzi.com\/prodotto\/amaretti-morbidi-di-mombaruzzo-classici-2\/#primaryimage"},"image":{"@id":"https:\/\/cavaliervicenzi.com\/prodotto\/amaretti-morbidi-di-mombaruzzo-classici-2\/#primaryimage"},"thumbnailUrl":"https:\/\/cavaliervicenzi.com\/wp-content\/uploads\/2025\/09\/Classico-1-e1757506587681.jpg","datePublished":"2025-09-10T12:29:05+00:00","dateModified":"2026-04-16T10:04:09+00:00","description":"Il classico amaretto morbido di Mombaruzzo ha in s\u00e9 tutto il sapore della tradizione della pasticceria piemontese. Senza Glutine.","breadcrumb":{"@id":"https:\/\/cavaliervicenzi.com\/prodotto\/amaretti-morbidi-di-mombaruzzo-classici-2\/#breadcrumb"},"inLanguage":"fr-FR","potentialAction":[{"@type":"ReadAction","target":["https:\/\/cavaliervicenzi.com\/prodotto\/amaretti-morbidi-di-mombaruzzo-classici-2\/"]}]},{"@type":"ImageObject","inLanguage":"fr-FR","@id":"https:\/\/cavaliervicenzi.com\/prodotto\/amaretti-morbidi-di-mombaruzzo-classici-2\/#primaryimage","url":"https:\/\/cavaliervicenzi.com\/wp-content\/uploads\/2025\/09\/Classico-1-e1757506587681.jpg","contentUrl":"https:\/\/cavaliervicenzi.com\/wp-content\/uploads\/2025\/09\/Classico-1-e1757506587681.jpg","width":1325,"height":1325},{"@type":"BreadcrumbList","@id":"https:\/\/cavaliervicenzi.com\/prodotto\/amaretti-morbidi-di-mombaruzzo-classici-2\/#breadcrumb","itemListElement":[{"@type":"ListItem","position":1,"name":"Home","item":"https:\/\/cavaliervicenzi.com\/"},{"@type":"ListItem","position":2,"name":"Negozio","item":"https:\/\/cavaliervicenzi.com\/?page_id=1286"},{"@type":"ListItem","position":3,"name":"Amaretti Morbidi di Mombaruzzo Classici"}]},{"@type":"WebSite","@id":"https:\/\/cavaliervicenzi.com\/#website","url":"https:\/\/cavaliervicenzi.com\/","name":"Cavalier Vicenzi","description":"Amaretti Morbidi di Mombaruzzo","publisher":{"@id":"https:\/\/cavaliervicenzi.com\/#organization"},"potentialAction":[{"@type":"SearchAction","target":{"@type":"EntryPoint","urlTemplate":"https:\/\/cavaliervicenzi.com\/?s={search_term_string}"},"query-input":{"@type":"PropertyValueSpecification","valueRequired":true,"valueName":"search_term_string"}}],"inLanguage":"fr-FR"},{"@type":"Organization","@id":"https:\/\/cavaliervicenzi.com\/#organization","name":"Cavalier Vicenzi","url":"https:\/\/cavaliervicenzi.com\/","logo":{"@type":"ImageObject","inLanguage":"fr-FR","@id":"https:\/\/cavaliervicenzi.com\/#\/schema\/logo\/image\/","url":"https:\/\/cavaliervicenzi.com\/wp-content\/uploads\/2025\/07\/logo-vicenzi.png","contentUrl":"https:\/\/cavaliervicenzi.com\/wp-content\/uploads\/2025\/07\/logo-vicenzi.png","width":209,"height":149,"caption":"Cavalier Vicenzi"},"image":{"@id":"https:\/\/cavaliervicenzi.com\/#\/schema\/logo\/image\/"}}]}},"jetpack_sharing_enabled":true,"_links":{"self":[{"href":"https:\/\/cavaliervicenzi.com\/fr\/wp-json\/wp\/v2\/product\/1510","targetHints":{"allow":["GET"]}}],"collection":[{"href":"https:\/\/cavaliervicenzi.com\/fr\/wp-json\/wp\/v2\/product"}],"about":[{"href":"https:\/\/cavaliervicenzi.com\/fr\/wp-json\/wp\/v2\/types\/product"}],"replies":[{"embeddable":true,"href":"https:\/\/cavaliervicenzi.com\/fr\/wp-json\/wp\/v2\/comments?post=1510"}],"wp:featuredmedia":[{"embeddable":true,"href":"https:\/\/cavaliervicenzi.com\/fr\/wp-json\/wp\/v2\/media\/1453"}],"wp:attachment":[{"href":"https:\/\/cavaliervicenzi.com\/fr\/wp-json\/wp\/v2\/media?parent=1510"}],"wp:term":[{"taxonomy":"product_brand","embeddable":true,"href":"https:\/\/cavaliervicenzi.com\/fr\/wp-json\/wp\/v2\/product_brand?post=1510"},{"taxonomy":"product_cat","embeddable":true,"href":"https:\/\/cavaliervicenzi.com\/fr\/wp-json\/wp\/v2\/product_cat?post=1510"},{"taxonomy":"product_tag","embeddable":true,"href":"https:\/\/cavaliervicenzi.com\/fr\/wp-json\/wp\/v2\/product_tag?post=1510"}],"curies":[{"name":"wp","href":"https:\/\/api.w.org\/{rel}","templated":true}]}}