{"id":1514,"date":"2025-09-10T12:33:30","date_gmt":"2025-09-10T12:33:30","guid":{"rendered":"https:\/\/temp.demetradesign.it\/cav\/?post_type=product&#038;p=1514"},"modified":"2026-04-09T13:56:30","modified_gmt":"2026-04-09T13:56:30","slug":"amaretti-morbidi-di-mombaruzzo-ricoperti-al-cioccolato","status":"publish","type":"product","link":"https:\/\/cavaliervicenzi.com\/fr\/produit\/amaretti-morbidi-di-mombaruzzo-ricoperti-al-cioccolato\/","title":{"rendered":"Amaretti di Mombaruzzo enrob\u00e9s de chocolat"},"content":{"rendered":"<p>L'amaretto classique et doux de Mombaruzzo agr\u00e9ment\u00e9 d'un doux filet d'huile d'olive. <strong>chocolat noir<\/strong>, <strong>blanc<\/strong> ou au <strong>lait<\/strong> . Perfetto per i pi\u00f9 golosi!<\/p>\n<p><strong>AMARETTO ENROB\u00c9 DE CHOCOLAT BLANC<\/strong><br \/>\nIngredienti: zucchero, mandorle di albicocche 35%, albume d\u2019uovo, mandorle 8%,<br \/>\nsirop de glucose, conservateur : sorbate de potassium.<br \/>\nEnrobage : sucre, beurre de cacao, lait en poudre, \u00e9mulsifiant : l\u00e9cithine de soja, ar\u00f4me naturel (vanille).<br \/>\nContient des sulfites et des traces d'autres fruits \u00e0 coque<\/p>\n<p><strong>AMARETTO ENROB\u00c9 DE CHOCOLAT NOIR<\/strong><br \/>\nIngredienti: zucchero, mandorle di albicocche 35%, albume d\u2019uovo, mandorle<br \/>\n8%, sirop de glucose, conservateur : sorbate de potassium.<br \/>\nEnrobage : p\u00e2te de cacao, sucre, beurre de cacao. \u00c9mulsifiant : l\u00e9cithine de soja. Ar\u00f4me naturel (vanille). Contient des sulfites et des traces d'autres fruits \u00e0 coque.<br \/>\nSANS GLUTEN NI POUDRE \u00c0 LEVER<\/p>\n<p><strong>MACARON ENROB\u00c9 DE CHOCOLAT AU LAIT<\/strong><br \/>\nIngredienti: zucchero, mandorle di albicocche 35%, albume d\u2019uovo, mandorle<br \/>\n8%, sirop de glucose, conservateur : sorbate de potassium.<br \/>\nEnrobage : sucre, beurre de cacao, lait entier en poudre, p\u00e2te de cacao, lait \u00e9cr\u00e9m\u00e9 en poudre. Emulsifiant :<br \/>\nL\u00e9cithine de soja. Ar\u00f4me naturel (vanille). Contient . <strong>sulfites<\/strong> et des traces de <strong>autres fruits \u00e0 coque<\/strong>.<\/p>\n<p>NATURELLEMENT SANS GLUTEN<\/p>\n<p>SANS AGENTS LEVANTS<\/p>\n<p>&nbsp;<\/p>","protected":false},"excerpt":{"rendered":"<p>Lorem ipsum dolor sit amet, consectetur adipiscing elit, sed do eiusmod tempor incididunt ut labore et dolore magna aliqua. Ut enim ad minim veniam, quis nostrud exercitation ullamco laboris nisi ut aliquip ex ea commodo consequat. Duis aute irure dolor in reprehenderit in voluptate velit esse cillum dolore eu fugiat nulla pariatur. Excepteur sint occaecat cupidatat non proident, sunt in culpa qui officia deserunt mollit anim id est laborum.<\/p>","protected":false},"featured_media":1440,"comment_status":"open","ping_status":"closed","template":"","meta":[],"product_brand":[],"product_cat":[24],"product_tag":[25],"class_list":{"0":"post-1514","1":"product","2":"type-product","3":"status-publish","4":"has-post-thumbnail","6":"product_cat-amaretti-morbidi","7":"product_tag-amaretti-morbidi","9":"first","10":"instock","11":"taxable","12":"shipping-taxable","13":"purchasable","14":"product-type-variable","15":"has-default-attributes"},"yoast_head":"<!-- This site is optimized with the Yoast SEO plugin v27.4 - https:\/\/yoast.com\/product\/yoast-seo-wordpress\/ -->\n<title>Amaretti Morbidi di Mombaruzzo Ricoperti al Cioccolato - Cavalier Vicenzi<\/title>\n<meta name=\"description\" content=\"Il classico amaretto morbido di Mombaruzzo impreziosito da una dolce colata di cioccolato fondente, bianco o al latte . Perfetto per i pi\u00f9 golosi!\" \/>\n<meta name=\"robots\" content=\"index, follow, max-snippet:-1, max-image-preview:large, max-video-preview:-1\" \/>\n<link rel=\"canonical\" href=\"https:\/\/cavaliervicenzi.com\/fr\/produit\/amaretti-morbidi-di-mombaruzzo-ricoperti-al-cioccolato\/\" \/>\n<meta property=\"og:locale\" content=\"fr_FR\" \/>\n<meta property=\"og:type\" content=\"article\" \/>\n<meta property=\"og:title\" content=\"Amaretti Morbidi di Mombaruzzo Ricoperti al Cioccolato - Cavalier Vicenzi\" \/>\n<meta property=\"og:description\" content=\"Il classico amaretto morbido di Mombaruzzo impreziosito da una dolce colata di cioccolato fondente, bianco o al latte . Perfetto per i pi\u00f9 golosi!\" \/>\n<meta property=\"og:url\" content=\"https:\/\/cavaliervicenzi.com\/fr\/produit\/amaretti-morbidi-di-mombaruzzo-ricoperti-al-cioccolato\/\" \/>\n<meta property=\"og:site_name\" content=\"Cavalier Vicenzi\" \/>\n<meta property=\"article:modified_time\" content=\"2026-04-09T13:56:30+00:00\" \/>\n<meta property=\"og:image\" content=\"https:\/\/cavaliervicenzi.com\/wp-content\/uploads\/2025\/09\/3-cioccolati.jpg\" \/>\n\t<meta property=\"og:image:width\" content=\"1599\" \/>\n\t<meta property=\"og:image:height\" content=\"1188\" \/>\n\t<meta property=\"og:image:type\" content=\"image\/jpeg\" \/>\n<meta name=\"twitter:card\" content=\"summary_large_image\" \/>\n<meta name=\"twitter:label1\" content=\"Dur\u00e9e de lecture estim\u00e9e\" \/>\n\t<meta name=\"twitter:data1\" content=\"2 minutes\" \/>\n<script type=\"application\/ld+json\" class=\"yoast-schema-graph\">{\"@context\":\"https:\\\/\\\/schema.org\",\"@graph\":[{\"@type\":\"WebPage\",\"@id\":\"https:\\\/\\\/cavaliervicenzi.com\\\/prodotto\\\/amaretti-morbidi-di-mombaruzzo-ricoperti-al-cioccolato\\\/\",\"url\":\"https:\\\/\\\/cavaliervicenzi.com\\\/prodotto\\\/amaretti-morbidi-di-mombaruzzo-ricoperti-al-cioccolato\\\/\",\"name\":\"Amaretti Morbidi di Mombaruzzo Ricoperti al Cioccolato - Cavalier Vicenzi\",\"isPartOf\":{\"@id\":\"https:\\\/\\\/cavaliervicenzi.com\\\/#website\"},\"primaryImageOfPage\":{\"@id\":\"https:\\\/\\\/cavaliervicenzi.com\\\/prodotto\\\/amaretti-morbidi-di-mombaruzzo-ricoperti-al-cioccolato\\\/#primaryimage\"},\"image\":{\"@id\":\"https:\\\/\\\/cavaliervicenzi.com\\\/prodotto\\\/amaretti-morbidi-di-mombaruzzo-ricoperti-al-cioccolato\\\/#primaryimage\"},\"thumbnailUrl\":\"https:\\\/\\\/cavaliervicenzi.com\\\/wp-content\\\/uploads\\\/2025\\\/09\\\/3-cioccolati.jpg\",\"datePublished\":\"2025-09-10T12:33:30+00:00\",\"dateModified\":\"2026-04-09T13:56:30+00:00\",\"description\":\"Il classico amaretto morbido di Mombaruzzo impreziosito da una dolce colata di cioccolato fondente, bianco o al latte . Perfetto per i pi\u00f9 golosi!\",\"breadcrumb\":{\"@id\":\"https:\\\/\\\/cavaliervicenzi.com\\\/prodotto\\\/amaretti-morbidi-di-mombaruzzo-ricoperti-al-cioccolato\\\/#breadcrumb\"},\"inLanguage\":\"fr-FR\",\"potentialAction\":[{\"@type\":\"ReadAction\",\"target\":[\"https:\\\/\\\/cavaliervicenzi.com\\\/prodotto\\\/amaretti-morbidi-di-mombaruzzo-ricoperti-al-cioccolato\\\/\"]}]},{\"@type\":\"ImageObject\",\"inLanguage\":\"fr-FR\",\"@id\":\"https:\\\/\\\/cavaliervicenzi.com\\\/prodotto\\\/amaretti-morbidi-di-mombaruzzo-ricoperti-al-cioccolato\\\/#primaryimage\",\"url\":\"https:\\\/\\\/cavaliervicenzi.com\\\/wp-content\\\/uploads\\\/2025\\\/09\\\/3-cioccolati.jpg\",\"contentUrl\":\"https:\\\/\\\/cavaliervicenzi.com\\\/wp-content\\\/uploads\\\/2025\\\/09\\\/3-cioccolati.jpg\",\"width\":1599,\"height\":1188,\"caption\":\"Three lemons with leaves isolated on white background\"},{\"@type\":\"BreadcrumbList\",\"@id\":\"https:\\\/\\\/cavaliervicenzi.com\\\/prodotto\\\/amaretti-morbidi-di-mombaruzzo-ricoperti-al-cioccolato\\\/#breadcrumb\",\"itemListElement\":[{\"@type\":\"ListItem\",\"position\":1,\"name\":\"Home\",\"item\":\"https:\\\/\\\/cavaliervicenzi.com\\\/\"},{\"@type\":\"ListItem\",\"position\":2,\"name\":\"Negozio\",\"item\":\"https:\\\/\\\/cavaliervicenzi.com\\\/?page_id=1286\"},{\"@type\":\"ListItem\",\"position\":3,\"name\":\"Amaretti Morbidi di Mombaruzzo Ricoperti al Cioccolato\"}]},{\"@type\":\"WebSite\",\"@id\":\"https:\\\/\\\/cavaliervicenzi.com\\\/#website\",\"url\":\"https:\\\/\\\/cavaliervicenzi.com\\\/\",\"name\":\"Cavalier Vicenzi\",\"description\":\"Amaretti Morbidi di Mombaruzzo\",\"publisher\":{\"@id\":\"https:\\\/\\\/cavaliervicenzi.com\\\/#organization\"},\"potentialAction\":[{\"@type\":\"SearchAction\",\"target\":{\"@type\":\"EntryPoint\",\"urlTemplate\":\"https:\\\/\\\/cavaliervicenzi.com\\\/?s={search_term_string}\"},\"query-input\":{\"@type\":\"PropertyValueSpecification\",\"valueRequired\":true,\"valueName\":\"search_term_string\"}}],\"inLanguage\":\"fr-FR\"},{\"@type\":\"Organization\",\"@id\":\"https:\\\/\\\/cavaliervicenzi.com\\\/#organization\",\"name\":\"Cavalier Vicenzi\",\"url\":\"https:\\\/\\\/cavaliervicenzi.com\\\/\",\"logo\":{\"@type\":\"ImageObject\",\"inLanguage\":\"fr-FR\",\"@id\":\"https:\\\/\\\/cavaliervicenzi.com\\\/#\\\/schema\\\/logo\\\/image\\\/\",\"url\":\"https:\\\/\\\/cavaliervicenzi.com\\\/wp-content\\\/uploads\\\/2025\\\/07\\\/logo-vicenzi.png\",\"contentUrl\":\"https:\\\/\\\/cavaliervicenzi.com\\\/wp-content\\\/uploads\\\/2025\\\/07\\\/logo-vicenzi.png\",\"width\":209,\"height\":149,\"caption\":\"Cavalier Vicenzi\"},\"image\":{\"@id\":\"https:\\\/\\\/cavaliervicenzi.com\\\/#\\\/schema\\\/logo\\\/image\\\/\"}}]}<\/script>\n<!-- \/ Yoast SEO plugin. -->","yoast_head_json":{"title":"Amaretti Morbidi di Mombaruzzo Ricoperti al Cioccolato - Cavalier Vicenzi","description":"Il classico amaretto morbido di Mombaruzzo impreziosito da una dolce colata di cioccolato fondente, bianco o al latte . Perfetto per i pi\u00f9 golosi!","robots":{"index":"index","follow":"follow","max-snippet":"max-snippet:-1","max-image-preview":"max-image-preview:large","max-video-preview":"max-video-preview:-1"},"canonical":"https:\/\/cavaliervicenzi.com\/fr\/produit\/amaretti-morbidi-di-mombaruzzo-ricoperti-al-cioccolato\/","og_locale":"fr_FR","og_type":"article","og_title":"Amaretti Morbidi di Mombaruzzo Ricoperti al Cioccolato - Cavalier Vicenzi","og_description":"Il classico amaretto morbido di Mombaruzzo impreziosito da una dolce colata di cioccolato fondente, bianco o al latte . Perfetto per i pi\u00f9 golosi!","og_url":"https:\/\/cavaliervicenzi.com\/fr\/produit\/amaretti-morbidi-di-mombaruzzo-ricoperti-al-cioccolato\/","og_site_name":"Cavalier Vicenzi","article_modified_time":"2026-04-09T13:56:30+00:00","og_image":[{"width":1599,"height":1188,"url":"https:\/\/cavaliervicenzi.com\/wp-content\/uploads\/2025\/09\/3-cioccolati.jpg","type":"image\/jpeg"}],"twitter_card":"summary_large_image","twitter_misc":{"Dur\u00e9e de lecture estim\u00e9e":"2 minutes"},"schema":{"@context":"https:\/\/schema.org","@graph":[{"@type":"WebPage","@id":"https:\/\/cavaliervicenzi.com\/prodotto\/amaretti-morbidi-di-mombaruzzo-ricoperti-al-cioccolato\/","url":"https:\/\/cavaliervicenzi.com\/prodotto\/amaretti-morbidi-di-mombaruzzo-ricoperti-al-cioccolato\/","name":"Amaretti Morbidi di Mombaruzzo Ricoperti al Cioccolato - Cavalier Vicenzi","isPartOf":{"@id":"https:\/\/cavaliervicenzi.com\/#website"},"primaryImageOfPage":{"@id":"https:\/\/cavaliervicenzi.com\/prodotto\/amaretti-morbidi-di-mombaruzzo-ricoperti-al-cioccolato\/#primaryimage"},"image":{"@id":"https:\/\/cavaliervicenzi.com\/prodotto\/amaretti-morbidi-di-mombaruzzo-ricoperti-al-cioccolato\/#primaryimage"},"thumbnailUrl":"https:\/\/cavaliervicenzi.com\/wp-content\/uploads\/2025\/09\/3-cioccolati.jpg","datePublished":"2025-09-10T12:33:30+00:00","dateModified":"2026-04-09T13:56:30+00:00","description":"Il classico amaretto morbido di Mombaruzzo impreziosito da una dolce colata di cioccolato fondente, bianco o al latte . Perfetto per i pi\u00f9 golosi!","breadcrumb":{"@id":"https:\/\/cavaliervicenzi.com\/prodotto\/amaretti-morbidi-di-mombaruzzo-ricoperti-al-cioccolato\/#breadcrumb"},"inLanguage":"fr-FR","potentialAction":[{"@type":"ReadAction","target":["https:\/\/cavaliervicenzi.com\/prodotto\/amaretti-morbidi-di-mombaruzzo-ricoperti-al-cioccolato\/"]}]},{"@type":"ImageObject","inLanguage":"fr-FR","@id":"https:\/\/cavaliervicenzi.com\/prodotto\/amaretti-morbidi-di-mombaruzzo-ricoperti-al-cioccolato\/#primaryimage","url":"https:\/\/cavaliervicenzi.com\/wp-content\/uploads\/2025\/09\/3-cioccolati.jpg","contentUrl":"https:\/\/cavaliervicenzi.com\/wp-content\/uploads\/2025\/09\/3-cioccolati.jpg","width":1599,"height":1188,"caption":"Three lemons with leaves isolated on white background"},{"@type":"BreadcrumbList","@id":"https:\/\/cavaliervicenzi.com\/prodotto\/amaretti-morbidi-di-mombaruzzo-ricoperti-al-cioccolato\/#breadcrumb","itemListElement":[{"@type":"ListItem","position":1,"name":"Home","item":"https:\/\/cavaliervicenzi.com\/"},{"@type":"ListItem","position":2,"name":"Negozio","item":"https:\/\/cavaliervicenzi.com\/?page_id=1286"},{"@type":"ListItem","position":3,"name":"Amaretti Morbidi di Mombaruzzo Ricoperti al Cioccolato"}]},{"@type":"WebSite","@id":"https:\/\/cavaliervicenzi.com\/#website","url":"https:\/\/cavaliervicenzi.com\/","name":"Cavalier Vicenzi","description":"Amaretti Morbidi di Mombaruzzo","publisher":{"@id":"https:\/\/cavaliervicenzi.com\/#organization"},"potentialAction":[{"@type":"SearchAction","target":{"@type":"EntryPoint","urlTemplate":"https:\/\/cavaliervicenzi.com\/?s={search_term_string}"},"query-input":{"@type":"PropertyValueSpecification","valueRequired":true,"valueName":"search_term_string"}}],"inLanguage":"fr-FR"},{"@type":"Organization","@id":"https:\/\/cavaliervicenzi.com\/#organization","name":"Cavalier Vicenzi","url":"https:\/\/cavaliervicenzi.com\/","logo":{"@type":"ImageObject","inLanguage":"fr-FR","@id":"https:\/\/cavaliervicenzi.com\/#\/schema\/logo\/image\/","url":"https:\/\/cavaliervicenzi.com\/wp-content\/uploads\/2025\/07\/logo-vicenzi.png","contentUrl":"https:\/\/cavaliervicenzi.com\/wp-content\/uploads\/2025\/07\/logo-vicenzi.png","width":209,"height":149,"caption":"Cavalier Vicenzi"},"image":{"@id":"https:\/\/cavaliervicenzi.com\/#\/schema\/logo\/image\/"}}]}},"jetpack_sharing_enabled":true,"_links":{"self":[{"href":"https:\/\/cavaliervicenzi.com\/fr\/wp-json\/wp\/v2\/product\/1514","targetHints":{"allow":["GET"]}}],"collection":[{"href":"https:\/\/cavaliervicenzi.com\/fr\/wp-json\/wp\/v2\/product"}],"about":[{"href":"https:\/\/cavaliervicenzi.com\/fr\/wp-json\/wp\/v2\/types\/product"}],"replies":[{"embeddable":true,"href":"https:\/\/cavaliervicenzi.com\/fr\/wp-json\/wp\/v2\/comments?post=1514"}],"wp:featuredmedia":[{"embeddable":true,"href":"https:\/\/cavaliervicenzi.com\/fr\/wp-json\/wp\/v2\/media\/1440"}],"wp:attachment":[{"href":"https:\/\/cavaliervicenzi.com\/fr\/wp-json\/wp\/v2\/media?parent=1514"}],"wp:term":[{"taxonomy":"product_brand","embeddable":true,"href":"https:\/\/cavaliervicenzi.com\/fr\/wp-json\/wp\/v2\/product_brand?post=1514"},{"taxonomy":"product_cat","embeddable":true,"href":"https:\/\/cavaliervicenzi.com\/fr\/wp-json\/wp\/v2\/product_cat?post=1514"},{"taxonomy":"product_tag","embeddable":true,"href":"https:\/\/cavaliervicenzi.com\/fr\/wp-json\/wp\/v2\/product_tag?post=1514"}],"curies":[{"name":"wp","href":"https:\/\/api.w.org\/{rel}","templated":true}]}}