{"id":1566,"date":"2025-09-12T13:48:02","date_gmt":"2025-09-12T13:48:02","guid":{"rendered":"https:\/\/temp.demetradesign.it\/cav\/?post_type=product&#038;p=1566"},"modified":"2026-04-09T13:45:25","modified_gmt":"2026-04-09T13:45:25","slug":"amaretti-morbidi-di-mombaruzzo-al-pistacchio","status":"publish","type":"product","link":"https:\/\/cavaliervicenzi.com\/fr\/produit\/amaretti-morbidi-di-mombaruzzo-al-pistacchio\/","title":{"rendered":"Amaretti di Mombaruzzo moelleux aux pistaches"},"content":{"rendered":"<p data-start=\"149\" data-end=\"480\">La tradition rencontre une note d'originalit\u00e9 : le <em data-start=\"201\" data-end=\"239\">Amaretti \u00e0 la pistache de Mombaruzzo<\/em> associent la recette pi\u00e9montaise classique \u00e0 l'onctuosit\u00e9 et au parfum intense des pistaches. Douces, parfum\u00e9es et d\u00e9licatement aromatiques, elles sont pr\u00e9par\u00e9es avec des ingr\u00e9dients s\u00e9lectionn\u00e9s pour offrir une exp\u00e9rience unique \u00e0 chaque bouch\u00e9e.<\/p>\n<p data-start=\"482\" data-end=\"751\">Parfaits pour ceux qui aiment les saveurs authentiques mais recherchent une variante d\u00e9licieuse et raffin\u00e9e, ces macarons accompagnent \u00e0 merveille un bon th\u00e9, un caf\u00e9 ou un vin de dessert. Une id\u00e9e de cadeau sucr\u00e9 ou une g\u00e2terie sp\u00e9ciale \u00e0 savourer \u00e0 tout moment de la journ\u00e9e.<\/p>\n<p><strong>Ingr\u00e9dients :<\/strong><\/p>\n<p>Contient <strong>sulfites<\/strong> et des traces d'autres <strong>\u00e9crous<\/strong>.<\/p>\n<p>NATURELLEMENT SANS GLUTEN<\/p>\n<p>SANS AGENTS LEVANTS<\/p>\n<p><strong>TABLEAU NUTRITIONNEL<\/strong><\/p>\n<p>&nbsp;<\/p>","protected":false},"excerpt":{"rendered":"<p>Lorem ipsum dolor sit amet, consectetur adipiscing elit, sed do eiusmod tempor incididunt ut labore et dolore magna aliqua. Ut enim ad minim veniam, quis nostrud exercitation ullamco laboris nisi ut aliquip ex ea commodo consequat. Duis aute irure dolor in reprehenderit in voluptate velit esse cillum dolore eu fugiat nulla pariatur. Excepteur sint occaecat cupidatat non proident, sunt in culpa qui officia deserunt mollit anim id est laborum.<\/p>","protected":false},"featured_media":0,"comment_status":"open","ping_status":"closed","template":"","meta":[],"product_brand":[],"product_cat":[24],"product_tag":[25],"class_list":{"0":"post-1566","1":"product","2":"type-product","3":"status-publish","5":"product_cat-amaretti-morbidi","6":"product_tag-amaretti-morbidi","8":"first","9":"instock","10":"taxable","11":"shipping-taxable","12":"purchasable","13":"product-type-variable","14":"has-default-attributes"},"yoast_head":"<!-- This site is optimized with the Yoast SEO plugin v27.3 - https:\/\/yoast.com\/product\/yoast-seo-wordpress\/ -->\n<title>Amaretti Morbidi di Mombaruzzo al Pistacchio - Cavalier Vicenzi<\/title>\n<meta name=\"description\" content=\"li Amaretti di Mombaruzzo al pistacchio uniscono la ricetta classica piemontese alla cremosit\u00e0 e all\u2019intenso profumo del pistacchio.\" \/>\n<meta name=\"robots\" content=\"index, follow, max-snippet:-1, max-image-preview:large, max-video-preview:-1\" \/>\n<link rel=\"canonical\" href=\"https:\/\/cavaliervicenzi.com\/fr\/produit\/amaretti-morbidi-di-mombaruzzo-al-pistacchio\/\" \/>\n<meta property=\"og:locale\" content=\"fr_FR\" \/>\n<meta property=\"og:type\" content=\"article\" \/>\n<meta property=\"og:title\" content=\"Amaretti Morbidi di Mombaruzzo al Pistacchio - Cavalier Vicenzi\" \/>\n<meta property=\"og:description\" content=\"li Amaretti di Mombaruzzo al pistacchio uniscono la ricetta classica piemontese alla cremosit\u00e0 e all\u2019intenso profumo del pistacchio.\" \/>\n<meta property=\"og:url\" content=\"https:\/\/cavaliervicenzi.com\/fr\/produit\/amaretti-morbidi-di-mombaruzzo-al-pistacchio\/\" \/>\n<meta property=\"og:site_name\" content=\"Cavalier Vicenzi\" \/>\n<meta property=\"article:modified_time\" content=\"2026-04-09T13:45:25+00:00\" \/>\n<meta name=\"twitter:card\" content=\"summary_large_image\" \/>\n<meta name=\"twitter:label1\" content=\"Dur\u00e9e de lecture estim\u00e9e\" \/>\n\t<meta name=\"twitter:data1\" content=\"1 minute\" \/>\n<script type=\"application\/ld+json\" class=\"yoast-schema-graph\">{\"@context\":\"https:\\\/\\\/schema.org\",\"@graph\":[{\"@type\":\"WebPage\",\"@id\":\"https:\\\/\\\/cavaliervicenzi.com\\\/prodotto\\\/amaretti-morbidi-di-mombaruzzo-al-pistacchio\\\/\",\"url\":\"https:\\\/\\\/cavaliervicenzi.com\\\/prodotto\\\/amaretti-morbidi-di-mombaruzzo-al-pistacchio\\\/\",\"name\":\"Amaretti Morbidi di Mombaruzzo al Pistacchio - Cavalier Vicenzi\",\"isPartOf\":{\"@id\":\"https:\\\/\\\/cavaliervicenzi.com\\\/#website\"},\"datePublished\":\"2025-09-12T13:48:02+00:00\",\"dateModified\":\"2026-04-09T13:45:25+00:00\",\"description\":\"li Amaretti di Mombaruzzo al pistacchio uniscono la ricetta classica piemontese alla cremosit\u00e0 e all\u2019intenso profumo del pistacchio.\",\"breadcrumb\":{\"@id\":\"https:\\\/\\\/cavaliervicenzi.com\\\/prodotto\\\/amaretti-morbidi-di-mombaruzzo-al-pistacchio\\\/#breadcrumb\"},\"inLanguage\":\"fr-FR\",\"potentialAction\":[{\"@type\":\"ReadAction\",\"target\":[\"https:\\\/\\\/cavaliervicenzi.com\\\/prodotto\\\/amaretti-morbidi-di-mombaruzzo-al-pistacchio\\\/\"]}]},{\"@type\":\"BreadcrumbList\",\"@id\":\"https:\\\/\\\/cavaliervicenzi.com\\\/prodotto\\\/amaretti-morbidi-di-mombaruzzo-al-pistacchio\\\/#breadcrumb\",\"itemListElement\":[{\"@type\":\"ListItem\",\"position\":1,\"name\":\"Home\",\"item\":\"https:\\\/\\\/cavaliervicenzi.com\\\/\"},{\"@type\":\"ListItem\",\"position\":2,\"name\":\"Negozio\",\"item\":\"https:\\\/\\\/cavaliervicenzi.com\\\/?page_id=1286\"},{\"@type\":\"ListItem\",\"position\":3,\"name\":\"Amaretti Morbidi di Mombaruzzo al Pistacchio\"}]},{\"@type\":\"WebSite\",\"@id\":\"https:\\\/\\\/cavaliervicenzi.com\\\/#website\",\"url\":\"https:\\\/\\\/cavaliervicenzi.com\\\/\",\"name\":\"Cavalier Vicenzi\",\"description\":\"Amaretti Morbidi di Mombaruzzo\",\"publisher\":{\"@id\":\"https:\\\/\\\/cavaliervicenzi.com\\\/#organization\"},\"potentialAction\":[{\"@type\":\"SearchAction\",\"target\":{\"@type\":\"EntryPoint\",\"urlTemplate\":\"https:\\\/\\\/cavaliervicenzi.com\\\/?s={search_term_string}\"},\"query-input\":{\"@type\":\"PropertyValueSpecification\",\"valueRequired\":true,\"valueName\":\"search_term_string\"}}],\"inLanguage\":\"fr-FR\"},{\"@type\":\"Organization\",\"@id\":\"https:\\\/\\\/cavaliervicenzi.com\\\/#organization\",\"name\":\"Cavalier Vicenzi\",\"url\":\"https:\\\/\\\/cavaliervicenzi.com\\\/\",\"logo\":{\"@type\":\"ImageObject\",\"inLanguage\":\"fr-FR\",\"@id\":\"https:\\\/\\\/cavaliervicenzi.com\\\/#\\\/schema\\\/logo\\\/image\\\/\",\"url\":\"https:\\\/\\\/cavaliervicenzi.com\\\/wp-content\\\/uploads\\\/2025\\\/07\\\/logo-vicenzi.png\",\"contentUrl\":\"https:\\\/\\\/cavaliervicenzi.com\\\/wp-content\\\/uploads\\\/2025\\\/07\\\/logo-vicenzi.png\",\"width\":209,\"height\":149,\"caption\":\"Cavalier Vicenzi\"},\"image\":{\"@id\":\"https:\\\/\\\/cavaliervicenzi.com\\\/#\\\/schema\\\/logo\\\/image\\\/\"}}]}<\/script>\n<!-- \/ Yoast SEO plugin. -->","yoast_head_json":{"title":"Amaretti Morbidi di Mombaruzzo al Pistacchio - Cavalier Vicenzi","description":"li Amaretti di Mombaruzzo al pistacchio uniscono la ricetta classica piemontese alla cremosit\u00e0 e all\u2019intenso profumo del pistacchio.","robots":{"index":"index","follow":"follow","max-snippet":"max-snippet:-1","max-image-preview":"max-image-preview:large","max-video-preview":"max-video-preview:-1"},"canonical":"https:\/\/cavaliervicenzi.com\/fr\/produit\/amaretti-morbidi-di-mombaruzzo-al-pistacchio\/","og_locale":"fr_FR","og_type":"article","og_title":"Amaretti Morbidi di Mombaruzzo al Pistacchio - Cavalier Vicenzi","og_description":"li Amaretti di Mombaruzzo al pistacchio uniscono la ricetta classica piemontese alla cremosit\u00e0 e all\u2019intenso profumo del pistacchio.","og_url":"https:\/\/cavaliervicenzi.com\/fr\/produit\/amaretti-morbidi-di-mombaruzzo-al-pistacchio\/","og_site_name":"Cavalier Vicenzi","article_modified_time":"2026-04-09T13:45:25+00:00","twitter_card":"summary_large_image","twitter_misc":{"Dur\u00e9e de lecture estim\u00e9e":"1 minute"},"schema":{"@context":"https:\/\/schema.org","@graph":[{"@type":"WebPage","@id":"https:\/\/cavaliervicenzi.com\/prodotto\/amaretti-morbidi-di-mombaruzzo-al-pistacchio\/","url":"https:\/\/cavaliervicenzi.com\/prodotto\/amaretti-morbidi-di-mombaruzzo-al-pistacchio\/","name":"Amaretti Morbidi di Mombaruzzo al Pistacchio - Cavalier Vicenzi","isPartOf":{"@id":"https:\/\/cavaliervicenzi.com\/#website"},"datePublished":"2025-09-12T13:48:02+00:00","dateModified":"2026-04-09T13:45:25+00:00","description":"li Amaretti di Mombaruzzo al pistacchio uniscono la ricetta classica piemontese alla cremosit\u00e0 e all\u2019intenso profumo del pistacchio.","breadcrumb":{"@id":"https:\/\/cavaliervicenzi.com\/prodotto\/amaretti-morbidi-di-mombaruzzo-al-pistacchio\/#breadcrumb"},"inLanguage":"fr-FR","potentialAction":[{"@type":"ReadAction","target":["https:\/\/cavaliervicenzi.com\/prodotto\/amaretti-morbidi-di-mombaruzzo-al-pistacchio\/"]}]},{"@type":"BreadcrumbList","@id":"https:\/\/cavaliervicenzi.com\/prodotto\/amaretti-morbidi-di-mombaruzzo-al-pistacchio\/#breadcrumb","itemListElement":[{"@type":"ListItem","position":1,"name":"Home","item":"https:\/\/cavaliervicenzi.com\/"},{"@type":"ListItem","position":2,"name":"Negozio","item":"https:\/\/cavaliervicenzi.com\/?page_id=1286"},{"@type":"ListItem","position":3,"name":"Amaretti Morbidi di Mombaruzzo al Pistacchio"}]},{"@type":"WebSite","@id":"https:\/\/cavaliervicenzi.com\/#website","url":"https:\/\/cavaliervicenzi.com\/","name":"Cavalier Vicenzi","description":"Amaretti Morbidi di Mombaruzzo","publisher":{"@id":"https:\/\/cavaliervicenzi.com\/#organization"},"potentialAction":[{"@type":"SearchAction","target":{"@type":"EntryPoint","urlTemplate":"https:\/\/cavaliervicenzi.com\/?s={search_term_string}"},"query-input":{"@type":"PropertyValueSpecification","valueRequired":true,"valueName":"search_term_string"}}],"inLanguage":"fr-FR"},{"@type":"Organization","@id":"https:\/\/cavaliervicenzi.com\/#organization","name":"Cavalier Vicenzi","url":"https:\/\/cavaliervicenzi.com\/","logo":{"@type":"ImageObject","inLanguage":"fr-FR","@id":"https:\/\/cavaliervicenzi.com\/#\/schema\/logo\/image\/","url":"https:\/\/cavaliervicenzi.com\/wp-content\/uploads\/2025\/07\/logo-vicenzi.png","contentUrl":"https:\/\/cavaliervicenzi.com\/wp-content\/uploads\/2025\/07\/logo-vicenzi.png","width":209,"height":149,"caption":"Cavalier Vicenzi"},"image":{"@id":"https:\/\/cavaliervicenzi.com\/#\/schema\/logo\/image\/"}}]}},"jetpack_sharing_enabled":true,"_links":{"self":[{"href":"https:\/\/cavaliervicenzi.com\/fr\/wp-json\/wp\/v2\/product\/1566","targetHints":{"allow":["GET"]}}],"collection":[{"href":"https:\/\/cavaliervicenzi.com\/fr\/wp-json\/wp\/v2\/product"}],"about":[{"href":"https:\/\/cavaliervicenzi.com\/fr\/wp-json\/wp\/v2\/types\/product"}],"replies":[{"embeddable":true,"href":"https:\/\/cavaliervicenzi.com\/fr\/wp-json\/wp\/v2\/comments?post=1566"}],"wp:attachment":[{"href":"https:\/\/cavaliervicenzi.com\/fr\/wp-json\/wp\/v2\/media?parent=1566"}],"wp:term":[{"taxonomy":"product_brand","embeddable":true,"href":"https:\/\/cavaliervicenzi.com\/fr\/wp-json\/wp\/v2\/product_brand?post=1566"},{"taxonomy":"product_cat","embeddable":true,"href":"https:\/\/cavaliervicenzi.com\/fr\/wp-json\/wp\/v2\/product_cat?post=1566"},{"taxonomy":"product_tag","embeddable":true,"href":"https:\/\/cavaliervicenzi.com\/fr\/wp-json\/wp\/v2\/product_tag?post=1566"}],"curies":[{"name":"wp","href":"https:\/\/api.w.org\/{rel}","templated":true}]}}